{"id":21535,"date":"2023-06-28T09:12:44","date_gmt":"2023-06-28T07:12:44","guid":{"rendered":"https:\/\/v2.scandinavischelampen.nl\/product\/fog-og-morup-life-pendelleuchte-jo-hammerborg\/"},"modified":"2024-06-25T11:02:50","modified_gmt":"2024-06-25T09:02:50","slug":"fog-og-morup-life-pendelleuchte-jo-hammerborg","status":"publish","type":"product","link":"https:\/\/scandinavischelampen.nl\/de\/produkt\/fog-og-morup-life-pendelleuchte-jo-hammerborg\/","title":{"rendered":"Fog og M\u00f8rup Life Pendelleuchte Jo Hammerborg"},"content":{"rendered":"<h2 class=\"tw-data-text tw-text-large XcVN5d tw-ta\" dir=\"ltr\" data-placeholder=\"Vertaling\">Pendelleuchte Fog og M\u00f8rup Life, entworfen von Jo Hammerborg<\/h2>\n<div>\n<p>Die Pendelleuchte Fog og M\u00f8rup Life wurde von van Jo Hammerborg entworfen. Die Lampe besteht aus messingfarbenem und grauem Aluminium<span lang=\"nl\">. Wundersch\u00f6nes skandinavisches Design mit elegantem Look.<\/span> Suchen Sie eine Lampe f\u00fcr \u00fcber Ihrer K\u00fcche oder in Ihrem Flur? Dann ist dieses hier auf jeden Fall geeignet.<\/p>\n<h2>Zustand dieses Leuchte<\/h2>\n<p>Diese Lampe ist etwa 50 Jahre alt und in gutem Zustand mit leichten Gebrauchsspuren. Der Aufkleber des Herstellers ist vorhanden, aber nicht mehr lesbar.<\/p>\n<p>Diese Lampe ist nicht nur eine \u00e4sthetische Erg\u00e4nzung; es ist auch eine bewusste Wahl f\u00fcr die Umwelt. Hole nicht nur ein St\u00fcck d\u00e4nisches Design in dein Zuhause, sondern trage auch zu einer gr\u00fcneren Welt bei. Mit dieser Lampe setzt du nicht nur ein Statement des Stils, sondern auch des Umweltbewusstseins. Entscheide dich f\u00fcr Beleuchtung mit einer Geschichte und einer Wirkung.<\/p>\n<h2><strong>Spezifikationen<\/strong> Fog og M\u00f8rup Life Pendelleuchte<\/h2>\n<ul>\n<li>H\u00f6he: 27 cm<\/li>\n<li>Durchmesser: 30 cm<\/li>\n<li>Gesamth\u00f6he mit Kordel 90 cm (bei der Montage anpassbar)<\/li>\n<li>Material: Aluminium<\/li>\n<li>Farbe Kabel: wei\u00df<\/li>\n<li>Maximale Wattzahl: 60 W<\/li>\n<li>Fassung: E27<\/li>\n<li>F\u00fcr LED-Lampen geeignet<\/li>\n<li>Gewicht: 0,8 kg<\/li>\n<\/ul>\n<h2>LED in Ihrer Vintage-Leuchte<\/h2>\n<p>Bei den aktuellen Energietarifen ist die Energieeinsparung ein wichtiger Punkt. Diese H\u00e4ngelampe enth\u00e4lt eine E27-Fassung. Dadurch eignet es sich f\u00fcr LED-Lampen und sogar f\u00fcr smarte Beleuchtung. Die Lampe kann auch in Kombination mit einem Dimmer verwendet werden.<\/p>\n<h2>Unser Lagerbestand<\/h2>\n<p>Die angebotenen Leuchten sind immer ab Lager lieferbar. Das bedeutet, dass wir Ihre Bestellung oft noch am selben oder am n\u00e4chsten Werktag versenden. Bitte beachten Sie, dass wir nur einen Artikel auf Lager haben. Da wir ausschlie\u00dflich Vintage-Lampen verkaufen, ist es ungewiss, ob wir diese Lampe in Zukunft noch einmal erhalten werden.<\/p>\n<h2>Versandoptionen<\/h2>\n<p>Weltweit ist es m\u00f6glich, bei uns zu bestellen. Wir versenden die Lampe sorgf\u00e4ltig verpackt in dicker Luftpolsterfolie und registriert in doppellagigen Kartons. Sobald Ihr Paket versendet wurde, erhalten Sie eine E-Mail von Post NL. Hier finden Sie die Track-Trace-Informationen, mit denen Sie das Paket bis zu Ihrer Haust\u00fcr verfolgen k\u00f6nnen. Nach Erhalt Ihrer Bestellung haben Sie 14 Tage Bedenkzeit.<\/p>\n<h2><strong>\u00dcber Fog og Morup<\/strong><\/h2>\n<\/div>\n<p>Die Reise von Fog og M\u00f8rup begann im Jahr 1904 mit einem bescheidenen Gro\u00dfhandelsunternehmen in drei kleinen R\u00e4umen und einem Keller in Aarhus. Ein Vierteljahrhundert sp\u00e4ter war dieses Unternehmen zu einem der f\u00fchrenden Lampenhersteller in D\u00e4nemark gewachsen. Im Jahr 1906 wagten Ansgar Fog und Erik M\u00f8rup einen bemerkenswerten Schritt, indem sie ein Unternehmen in Kopenhagen \u00fcbernahmen, das auf Beleuchtungsartikel f\u00fcr Gas und \u00d6l spezialisiert war. Sie packten das gesamte Gro\u00dfhandelslager in Aarhus sorgf\u00e4ltig ein und transportierten es mit dem Zug nach Kopenhagen. Sie nahmen sogar ihren einzigen Mitarbeiter, den jungen J\u00f8rgen, auf diese abenteuerliche Reise mit. Doch J\u00f8rgen entschied sich schlie\u00dflich f\u00fcr einen anderen Weg. Eines Morgens fanden sie einen Zettel. Er war nach Hause nach Aarhus zur\u00fcckgekehrt, &#8222;weil er die Sehnsucht nicht ertragen konnte.&#8220;<\/p>\n<p>Der Handel mit Beleuchtungsartikeln florierte, und das Unternehmen wuchs stetig. Im Jahr 1915 beschlossen Fog und M\u00f8rup, drei bescheidene Werkst\u00e4tten zur Herstellung von Kronleuchtern einzurichten. Diese Werkst\u00e4tten markierten den fr\u00fchen Beginn ihrer eigenen Lampenproduktion.<\/p>\n<p><a href=\"https:\/\/scandinavischelampen.nl\/product-categorie\/merken\/fog-morup\/\">Entdecken Sie jetzt unsere umfangreiche Kollektion von vintage Fog og M\u00f8rup Lampen und lassen Sie sich von ihrem Erbe an Handwerkskunst und Design begeistern.<\/a><\/p>\n","protected":false},"excerpt":{"rendered":"<div class=\"summary entry-summary\">\n<p style=\"font-weight: 400;\"><strong><span style=\"color: #00ff00;\">\u221a<\/span> <span style=\"color: #ff6600;\">Kostenloser Versand in Europa ab \u20ac350<\/span><br \/>\n<\/strong><strong><span style=\"color: #00ff00;\">\u221a<\/span> Bestellt vor <span style=\"color: #ff6600;\">16:00 Uhr<\/span>? Normalerweise am selben Tag versandt<br \/>\n<\/strong><strong><span style=\"color: #00ff00;\">\u221a<\/span> <span style=\"color: #ff6600;\">14 Tage<\/span> Bedenkzeit<br \/>\n<\/strong><strong><span style=\"color: #00ff00;\">\u221a<\/span> Geeignet f\u00fcr <span style=\"color: #ff6600;\">LED<\/span><\/strong><\/p>\n<ul>\n<li><strong>H\u00f6he: 27 cm<\/strong><\/li>\n<li><strong>Durchmesser: 30 cm<\/strong><\/li>\n<\/ul>\n<\/div>\n","protected":false},"featured_media":20108,"template":"","meta":{"_uag_custom_page_level_css":"","site-sidebar-layout":"default","site-content-layout":"default","ast-site-content-layout":"default","site-content-style":"default","site-sidebar-style":"default","ast-global-header-display":"","ast-banner-title-visibility":"","ast-main-header-display":"","ast-hfb-above-header-display":"","ast-hfb-below-header-display":"","ast-hfb-mobile-header-display":"","site-post-title":"","ast-breadcrumbs-content":"","ast-featured-img":"","footer-sml-layout":"","ast-disable-related-posts":"","theme-transparent-header-meta":"default","adv-header-id-meta":"","stick-header-meta":"","header-above-stick-meta":"","header-main-stick-meta":"","header-below-stick-meta":"","astra-migrate-meta-layouts":"default","ast-page-background-enabled":"default","ast-page-background-meta":{"desktop":{"background-color":"var(--ast-global-color-4)","background-image":"","background-repeat":"repeat","background-position":"center center","background-size":"auto","background-attachment":"scroll","background-type":"","background-media":"","overlay-type":"","overlay-color":"","overlay-opacity":"","overlay-gradient":""},"tablet":{"background-color":"","background-image":"","background-repeat":"repeat","background-position":"center center","background-size":"auto","background-attachment":"scroll","background-type":"","background-media":"","overlay-type":"","overlay-color":"","overlay-opacity":"","overlay-gradient":""},"mobile":{"background-color":"","background-image":"","background-repeat":"repeat","background-position":"center center","background-size":"auto","background-attachment":"scroll","background-type":"","background-media":"","overlay-type":"","overlay-color":"","overlay-opacity":"","overlay-gradient":""}},"ast-content-background-meta":{"desktop":{"background-color":"var(--ast-global-color-5)","background-image":"","background-repeat":"repeat","background-position":"center center","background-size":"auto","background-attachment":"scroll","background-type":"","background-media":"","overlay-type":"","overlay-color":"","overlay-opacity":"","overlay-gradient":""},"tablet":{"background-color":"var(--ast-global-color-5)","background-image":"","background-repeat":"repeat","background-position":"center center","background-size":"auto","background-attachment":"scroll","background-type":"","background-media":"","overlay-type":"","overlay-color":"","overlay-opacity":"","overlay-gradient":""},"mobile":{"background-color":"var(--ast-global-color-5)","background-image":"","background-repeat":"repeat","background-position":"center center","background-size":"auto","background-attachment":"scroll","background-type":"","background-media":"","overlay-type":"","overlay-color":"","overlay-opacity":"","overlay-gradient":""}}},"product_brand":[],"product_cat":[279,246,243,247,605,249],"product_tag":[280,269],"class_list":{"0":"post-21535","1":"product","2":"type-product","3":"status-publish","4":"has-post-thumbnail","6":"product_cat-fog-morup-de","7":"product_cat-halle","8":"product_cat-skandinavische-pendelleuchten","9":"product_cat-kuche","10":"product_cat-sehen-sie-sich-unsere-komplette-kollektion-an","11":"product_cat-wohnzimmer","12":"product_tag-messing-de","13":"product_tag-silber","14":"desktop-align-center","15":"tablet-align-left","16":"mobile-align-left","18":"first","19":"instock","20":"taxable","21":"shipping-taxable","22":"purchasable","23":"product-type-simple"},"yoast_head":"<!-- This site is optimized with the Yoast SEO plugin v27.4 - https:\/\/yoast.com\/product\/yoast-seo-wordpress\/ -->\n<title>Fog og M\u00f8rup Life Pendelleuchte Jo Hammerborg<\/title>\n<meta name=\"description\" content=\"Vintage-Pendelleuchte \u201eFog og M\u00f8rup Life\u201c, entworfen von Jo Hammerborg. Es besteht aus messingfarbenem und grauem Aluminium und hat ein verspieltes Design.\" \/>\n<meta name=\"robots\" content=\"index, follow, max-snippet:-1, max-image-preview:large, max-video-preview:-1\" \/>\n<link rel=\"canonical\" href=\"https:\/\/scandinavischelampen.nl\/de\/produkt\/fog-og-morup-life-pendelleuchte-jo-hammerborg\/\" \/>\n<meta property=\"og:locale\" content=\"de_DE\" \/>\n<meta property=\"og:type\" content=\"article\" \/>\n<meta property=\"og:title\" content=\"Fog og M\u00f8rup Life Pendelleuchte Jo Hammerborg\" \/>\n<meta property=\"og:description\" content=\"Vintage-Pendelleuchte \u201eFog og M\u00f8rup Life\u201c, entworfen von Jo Hammerborg. Es besteht aus messingfarbenem und grauem Aluminium und hat ein verspieltes Design.\" \/>\n<meta property=\"og:url\" content=\"https:\/\/scandinavischelampen.nl\/de\/produkt\/fog-og-morup-life-pendelleuchte-jo-hammerborg\/\" \/>\n<meta property=\"og:site_name\" content=\"Skandinavische Lampen\" \/>\n<meta property=\"article:publisher\" content=\"https:\/\/www.facebook.com\/scandinavischelampen\/\" \/>\n<meta property=\"article:modified_time\" content=\"2024-06-25T09:02:50+00:00\" \/>\n<meta property=\"og:image\" content=\"https:\/\/i0.wp.com\/scandinavischelampen.nl\/wp-content\/uploads\/2023\/06\/fog3-1.jpg?fit=987%2C1257&ssl=1\" \/>\n\t<meta property=\"og:image:width\" content=\"987\" \/>\n\t<meta property=\"og:image:height\" content=\"1257\" \/>\n\t<meta property=\"og:image:type\" content=\"image\/jpeg\" \/>\n<meta name=\"twitter:card\" content=\"summary_large_image\" \/>\n<meta name=\"twitter:label1\" content=\"Gesch\u00e4tzte Lesezeit\" \/>\n\t<meta name=\"twitter:data1\" content=\"3\u00a0Minuten\" \/>\n<script type=\"application\/ld+json\" class=\"yoast-schema-graph\">{\"@context\":\"https:\\\/\\\/schema.org\",\"@graph\":[{\"@type\":\"WebPage\",\"@id\":\"https:\\\/\\\/scandinavischelampen.nl\\\/de\\\/produkt\\\/fog-og-morup-life-pendelleuchte-jo-hammerborg\\\/\",\"url\":\"https:\\\/\\\/scandinavischelampen.nl\\\/de\\\/produkt\\\/fog-og-morup-life-pendelleuchte-jo-hammerborg\\\/\",\"name\":\"Fog og M\u00f8rup Life Pendelleuchte Jo Hammerborg\",\"isPartOf\":{\"@id\":\"https:\\\/\\\/scandinavischelampen.nl\\\/de\\\/#website\"},\"primaryImageOfPage\":{\"@id\":\"https:\\\/\\\/scandinavischelampen.nl\\\/de\\\/produkt\\\/fog-og-morup-life-pendelleuchte-jo-hammerborg\\\/#primaryimage\"},\"image\":{\"@id\":\"https:\\\/\\\/scandinavischelampen.nl\\\/de\\\/produkt\\\/fog-og-morup-life-pendelleuchte-jo-hammerborg\\\/#primaryimage\"},\"thumbnailUrl\":\"https:\\\/\\\/i0.wp.com\\\/scandinavischelampen.nl\\\/wp-content\\\/uploads\\\/2023\\\/06\\\/fog3-1.jpg?fit=987%2C1257&ssl=1\",\"datePublished\":\"2023-06-28T07:12:44+00:00\",\"dateModified\":\"2024-06-25T09:02:50+00:00\",\"description\":\"Vintage-Pendelleuchte \u201eFog og M\u00f8rup Life\u201c, entworfen von Jo Hammerborg. Es besteht aus messingfarbenem und grauem Aluminium und hat ein verspieltes Design.\",\"breadcrumb\":{\"@id\":\"https:\\\/\\\/scandinavischelampen.nl\\\/de\\\/produkt\\\/fog-og-morup-life-pendelleuchte-jo-hammerborg\\\/#breadcrumb\"},\"inLanguage\":\"de\",\"potentialAction\":[{\"@type\":\"ReadAction\",\"target\":[\"https:\\\/\\\/scandinavischelampen.nl\\\/de\\\/produkt\\\/fog-og-morup-life-pendelleuchte-jo-hammerborg\\\/\"]}]},{\"@type\":\"ImageObject\",\"inLanguage\":\"de\",\"@id\":\"https:\\\/\\\/scandinavischelampen.nl\\\/de\\\/produkt\\\/fog-og-morup-life-pendelleuchte-jo-hammerborg\\\/#primaryimage\",\"url\":\"https:\\\/\\\/i0.wp.com\\\/scandinavischelampen.nl\\\/wp-content\\\/uploads\\\/2023\\\/06\\\/fog3-1.jpg?fit=987%2C1257&ssl=1\",\"contentUrl\":\"https:\\\/\\\/i0.wp.com\\\/scandinavischelampen.nl\\\/wp-content\\\/uploads\\\/2023\\\/06\\\/fog3-1.jpg?fit=987%2C1257&ssl=1\",\"width\":987,\"height\":1257,\"caption\":\"Bild der von Jo Hammerborg entworfenen Fog og M\u00f8rup Life Pendelleuchte in den Farben Messing und Silber\"},{\"@type\":\"BreadcrumbList\",\"@id\":\"https:\\\/\\\/scandinavischelampen.nl\\\/de\\\/produkt\\\/fog-og-morup-life-pendelleuchte-jo-hammerborg\\\/#breadcrumb\",\"itemListElement\":[{\"@type\":\"ListItem\",\"position\":1,\"name\":\"Home\",\"item\":\"https:\\\/\\\/scandinavischelampen.nl\\\/de\\\/\"},{\"@type\":\"ListItem\",\"position\":2,\"name\":\"Gesch\u00e4ft\",\"item\":\"https:\\\/\\\/scandinavischelampen.nl\\\/de\\\/laden\\\/\"},{\"@type\":\"ListItem\",\"position\":3,\"name\":\"Fog og M\u00f8rup Life Pendelleuchte Jo Hammerborg\"}]},{\"@type\":\"WebSite\",\"@id\":\"https:\\\/\\\/scandinavischelampen.nl\\\/de\\\/#website\",\"url\":\"https:\\\/\\\/scandinavischelampen.nl\\\/de\\\/\",\"name\":\"Scandinavische Lampen\",\"description\":\"Vintage-Designbeleuchtung\",\"publisher\":{\"@id\":\"https:\\\/\\\/scandinavischelampen.nl\\\/de\\\/#organization\"},\"potentialAction\":[{\"@type\":\"SearchAction\",\"target\":{\"@type\":\"EntryPoint\",\"urlTemplate\":\"https:\\\/\\\/scandinavischelampen.nl\\\/de\\\/?s={search_term_string}\"},\"query-input\":{\"@type\":\"PropertyValueSpecification\",\"valueRequired\":true,\"valueName\":\"search_term_string\"}}],\"inLanguage\":\"de\"},{\"@type\":\"Organization\",\"@id\":\"https:\\\/\\\/scandinavischelampen.nl\\\/de\\\/#organization\",\"name\":\"Scandinavische Lampen\",\"url\":\"https:\\\/\\\/scandinavischelampen.nl\\\/de\\\/\",\"logo\":{\"@type\":\"ImageObject\",\"inLanguage\":\"de\",\"@id\":\"https:\\\/\\\/scandinavischelampen.nl\\\/de\\\/#\\\/schema\\\/logo\\\/image\\\/\",\"url\":\"https:\\\/\\\/i0.wp.com\\\/scandinavischelampen.nl\\\/wp-content\\\/uploads\\\/2023\\\/07\\\/cropped-Scandinavische-lampen-logo-oranje-01-scaled.png?fit=4717%2C1570&ssl=1\",\"contentUrl\":\"https:\\\/\\\/i0.wp.com\\\/scandinavischelampen.nl\\\/wp-content\\\/uploads\\\/2023\\\/07\\\/cropped-Scandinavische-lampen-logo-oranje-01-scaled.png?fit=4717%2C1570&ssl=1\",\"width\":4717,\"height\":1570,\"caption\":\"Scandinavische Lampen\"},\"image\":{\"@id\":\"https:\\\/\\\/scandinavischelampen.nl\\\/de\\\/#\\\/schema\\\/logo\\\/image\\\/\"},\"sameAs\":[\"https:\\\/\\\/www.facebook.com\\\/scandinavischelampen\\\/\",\"https:\\\/\\\/www.instagram.com\\\/scandinavische_lampen\\\/\"]}]}<\/script>\n<!-- \/ Yoast SEO plugin. -->","yoast_head_json":{"title":"Fog og M\u00f8rup Life Pendelleuchte Jo Hammerborg","description":"Vintage-Pendelleuchte \u201eFog og M\u00f8rup Life\u201c, entworfen von Jo Hammerborg. Es besteht aus messingfarbenem und grauem Aluminium und hat ein verspieltes Design.","robots":{"index":"index","follow":"follow","max-snippet":"max-snippet:-1","max-image-preview":"max-image-preview:large","max-video-preview":"max-video-preview:-1"},"canonical":"https:\/\/scandinavischelampen.nl\/de\/produkt\/fog-og-morup-life-pendelleuchte-jo-hammerborg\/","og_locale":"de_DE","og_type":"article","og_title":"Fog og M\u00f8rup Life Pendelleuchte Jo Hammerborg","og_description":"Vintage-Pendelleuchte \u201eFog og M\u00f8rup Life\u201c, entworfen von Jo Hammerborg. Es besteht aus messingfarbenem und grauem Aluminium und hat ein verspieltes Design.","og_url":"https:\/\/scandinavischelampen.nl\/de\/produkt\/fog-og-morup-life-pendelleuchte-jo-hammerborg\/","og_site_name":"Skandinavische Lampen","article_publisher":"https:\/\/www.facebook.com\/scandinavischelampen\/","article_modified_time":"2024-06-25T09:02:50+00:00","og_image":[{"width":987,"height":1257,"url":"https:\/\/i0.wp.com\/scandinavischelampen.nl\/wp-content\/uploads\/2023\/06\/fog3-1.jpg?fit=987%2C1257&ssl=1","type":"image\/jpeg"}],"twitter_card":"summary_large_image","twitter_misc":{"Gesch\u00e4tzte Lesezeit":"3\u00a0Minuten"},"schema":{"@context":"https:\/\/schema.org","@graph":[{"@type":"WebPage","@id":"https:\/\/scandinavischelampen.nl\/de\/produkt\/fog-og-morup-life-pendelleuchte-jo-hammerborg\/","url":"https:\/\/scandinavischelampen.nl\/de\/produkt\/fog-og-morup-life-pendelleuchte-jo-hammerborg\/","name":"Fog og M\u00f8rup Life Pendelleuchte Jo Hammerborg","isPartOf":{"@id":"https:\/\/scandinavischelampen.nl\/de\/#website"},"primaryImageOfPage":{"@id":"https:\/\/scandinavischelampen.nl\/de\/produkt\/fog-og-morup-life-pendelleuchte-jo-hammerborg\/#primaryimage"},"image":{"@id":"https:\/\/scandinavischelampen.nl\/de\/produkt\/fog-og-morup-life-pendelleuchte-jo-hammerborg\/#primaryimage"},"thumbnailUrl":"https:\/\/i0.wp.com\/scandinavischelampen.nl\/wp-content\/uploads\/2023\/06\/fog3-1.jpg?fit=987%2C1257&ssl=1","datePublished":"2023-06-28T07:12:44+00:00","dateModified":"2024-06-25T09:02:50+00:00","description":"Vintage-Pendelleuchte \u201eFog og M\u00f8rup Life\u201c, entworfen von Jo Hammerborg. Es besteht aus messingfarbenem und grauem Aluminium und hat ein verspieltes Design.","breadcrumb":{"@id":"https:\/\/scandinavischelampen.nl\/de\/produkt\/fog-og-morup-life-pendelleuchte-jo-hammerborg\/#breadcrumb"},"inLanguage":"de","potentialAction":[{"@type":"ReadAction","target":["https:\/\/scandinavischelampen.nl\/de\/produkt\/fog-og-morup-life-pendelleuchte-jo-hammerborg\/"]}]},{"@type":"ImageObject","inLanguage":"de","@id":"https:\/\/scandinavischelampen.nl\/de\/produkt\/fog-og-morup-life-pendelleuchte-jo-hammerborg\/#primaryimage","url":"https:\/\/i0.wp.com\/scandinavischelampen.nl\/wp-content\/uploads\/2023\/06\/fog3-1.jpg?fit=987%2C1257&ssl=1","contentUrl":"https:\/\/i0.wp.com\/scandinavischelampen.nl\/wp-content\/uploads\/2023\/06\/fog3-1.jpg?fit=987%2C1257&ssl=1","width":987,"height":1257,"caption":"Bild der von Jo Hammerborg entworfenen Fog og M\u00f8rup Life Pendelleuchte in den Farben Messing und Silber"},{"@type":"BreadcrumbList","@id":"https:\/\/scandinavischelampen.nl\/de\/produkt\/fog-og-morup-life-pendelleuchte-jo-hammerborg\/#breadcrumb","itemListElement":[{"@type":"ListItem","position":1,"name":"Home","item":"https:\/\/scandinavischelampen.nl\/de\/"},{"@type":"ListItem","position":2,"name":"Gesch\u00e4ft","item":"https:\/\/scandinavischelampen.nl\/de\/laden\/"},{"@type":"ListItem","position":3,"name":"Fog og M\u00f8rup Life Pendelleuchte Jo Hammerborg"}]},{"@type":"WebSite","@id":"https:\/\/scandinavischelampen.nl\/de\/#website","url":"https:\/\/scandinavischelampen.nl\/de\/","name":"Scandinavische Lampen","description":"Vintage-Designbeleuchtung","publisher":{"@id":"https:\/\/scandinavischelampen.nl\/de\/#organization"},"potentialAction":[{"@type":"SearchAction","target":{"@type":"EntryPoint","urlTemplate":"https:\/\/scandinavischelampen.nl\/de\/?s={search_term_string}"},"query-input":{"@type":"PropertyValueSpecification","valueRequired":true,"valueName":"search_term_string"}}],"inLanguage":"de"},{"@type":"Organization","@id":"https:\/\/scandinavischelampen.nl\/de\/#organization","name":"Scandinavische Lampen","url":"https:\/\/scandinavischelampen.nl\/de\/","logo":{"@type":"ImageObject","inLanguage":"de","@id":"https:\/\/scandinavischelampen.nl\/de\/#\/schema\/logo\/image\/","url":"https:\/\/i0.wp.com\/scandinavischelampen.nl\/wp-content\/uploads\/2023\/07\/cropped-Scandinavische-lampen-logo-oranje-01-scaled.png?fit=4717%2C1570&ssl=1","contentUrl":"https:\/\/i0.wp.com\/scandinavischelampen.nl\/wp-content\/uploads\/2023\/07\/cropped-Scandinavische-lampen-logo-oranje-01-scaled.png?fit=4717%2C1570&ssl=1","width":4717,"height":1570,"caption":"Scandinavische Lampen"},"image":{"@id":"https:\/\/scandinavischelampen.nl\/de\/#\/schema\/logo\/image\/"},"sameAs":["https:\/\/www.facebook.com\/scandinavischelampen\/","https:\/\/www.instagram.com\/scandinavische_lampen\/"]}]}},"uagb_featured_image_src":{"full":["https:\/\/i0.wp.com\/scandinavischelampen.nl\/wp-content\/uploads\/2023\/06\/fog3-1.jpg?fit=987%2C1257&ssl=1",987,1257,false],"thumbnail":["https:\/\/i0.wp.com\/scandinavischelampen.nl\/wp-content\/uploads\/2023\/06\/fog3-1.jpg?resize=150%2C150&ssl=1",150,150,true],"medium":["https:\/\/i0.wp.com\/scandinavischelampen.nl\/wp-content\/uploads\/2023\/06\/fog3-1.jpg?fit=236%2C300&ssl=1",236,300,true],"medium_large":["https:\/\/i0.wp.com\/scandinavischelampen.nl\/wp-content\/uploads\/2023\/06\/fog3-1.jpg?fit=768%2C978&ssl=1",768,978,true],"large":["https:\/\/i0.wp.com\/scandinavischelampen.nl\/wp-content\/uploads\/2023\/06\/fog3-1.jpg?fit=804%2C1024&ssl=1",804,1024,true],"1536x1536":["https:\/\/i0.wp.com\/scandinavischelampen.nl\/wp-content\/uploads\/2023\/06\/fog3-1.jpg?fit=987%2C1257&ssl=1",987,1257,true],"2048x2048":["https:\/\/i0.wp.com\/scandinavischelampen.nl\/wp-content\/uploads\/2023\/06\/fog3-1.jpg?fit=987%2C1257&ssl=1",987,1257,true],"woocommerce_thumbnail":["https:\/\/i0.wp.com\/scandinavischelampen.nl\/wp-content\/uploads\/2023\/06\/fog3-1.jpg?resize=300%2C300&ssl=1",300,300,true],"woocommerce_single":["https:\/\/i0.wp.com\/scandinavischelampen.nl\/wp-content\/uploads\/2023\/06\/fog3-1.jpg?fit=600%2C764&ssl=1",600,764,true],"woocommerce_gallery_thumbnail":["https:\/\/i0.wp.com\/scandinavischelampen.nl\/wp-content\/uploads\/2023\/06\/fog3-1.jpg?resize=100%2C100&ssl=1",100,100,true],"thaps-thumb-img":["https:\/\/i0.wp.com\/scandinavischelampen.nl\/wp-content\/uploads\/2023\/06\/fog3-1.jpg?resize=48%2C61&ssl=1",48,61,true]},"uagb_author_info":{"display_name":"administrator","author_link":"https:\/\/scandinavischelampen.nl\/de\/author\/"},"uagb_comment_info":0,"uagb_excerpt":"\u221a Kostenloser Versand in Europa ab \u20ac350 \u221a Bestellt vor 16:00 Uhr? Normalerweise am selben Tag versandt \u221a 14 Tage Bedenkzeit \u221a Geeignet f\u00fcr LED H\u00f6he: 27 cm Durchmesser: 30 cm","jetpack_sharing_enabled":true,"_links":{"self":[{"href":"https:\/\/scandinavischelampen.nl\/de\/wp-json\/wp\/v2\/product\/21535","targetHints":{"allow":["GET"]}}],"collection":[{"href":"https:\/\/scandinavischelampen.nl\/de\/wp-json\/wp\/v2\/product"}],"about":[{"href":"https:\/\/scandinavischelampen.nl\/de\/wp-json\/wp\/v2\/types\/product"}],"wp:featuredmedia":[{"embeddable":true,"href":"https:\/\/scandinavischelampen.nl\/de\/wp-json\/wp\/v2\/media\/20108"}],"wp:attachment":[{"href":"https:\/\/scandinavischelampen.nl\/de\/wp-json\/wp\/v2\/media?parent=21535"}],"wp:term":[{"taxonomy":"product_brand","embeddable":true,"href":"https:\/\/scandinavischelampen.nl\/de\/wp-json\/wp\/v2\/product_brand?post=21535"},{"taxonomy":"product_cat","embeddable":true,"href":"https:\/\/scandinavischelampen.nl\/de\/wp-json\/wp\/v2\/product_cat?post=21535"},{"taxonomy":"product_tag","embeddable":true,"href":"https:\/\/scandinavischelampen.nl\/de\/wp-json\/wp\/v2\/product_tag?post=21535"}],"curies":[{"name":"wp","href":"https:\/\/api.w.org\/{rel}","templated":true}]}}