{"id":22960,"date":"2023-04-19T08:46:29","date_gmt":"2023-04-19T06:46:29","guid":{"rendered":"https:\/\/v2.scandinavischelampen.nl\/rueckgabe-und-umtausch\/"},"modified":"2026-02-04T20:45:34","modified_gmt":"2026-02-04T19:45:34","slug":"ruckgabe-und-umtausch","status":"publish","type":"page","link":"https:\/\/scandinavischelampen.nl\/de\/ruckgabe-und-umtausch\/","title":{"rendered":"R\u00fcckgabe und Umtausch"},"content":{"rendered":"\n<h4 class=\"wp-block-heading\"><strong><strong>Einfache R\u00fcckgabe: Ihre Zufriedenheit steht an erster Stelle!<\/strong><\/strong><\/h4>\n\n<p>Ihre Zufriedenheit hat f\u00fcr uns oberste Priorit\u00e4t. Wir streben danach, dass Sie mit Ihrem Kauf vollkommen zufrieden sind. Sollte dies unerwarteterweise nicht der Fall sein, machen Sie sich keine Sorgen. Wir bieten eine flexible R\u00fcckgabefrist von 14 Tagen, w\u00e4hrend der Sie die volle Kontrolle haben, um einen Artikel ohne Aufwand umzutauschen oder zur\u00fcckzugeben.<\/p>\n\n<h4 class=\"wp-block-heading\"><strong><strong>Nahtloser R\u00fcckgabeprozess: Kein Stress, einfach bequem<\/strong><\/strong><\/h4>\n\n<p>Wir glauben an Einfachheit. Die R\u00fcckgabe bei uns ist so einfach wie ein Knopfdruck. Keine komplizierten Systeme. Lassen Sie uns einfach wissen, dass Sie eine R\u00fcckgabe w\u00fcnschen, entweder per <a href=\"mailto:sales@scandinavischelampen.nl\">E-Mail<\/a> oder <a href=\"tel:0850868075\">telefonisch<\/a>. Bitte beachten Sie, dass die Kosten f\u00fcr die R\u00fccksendung von Ihnen getragen werden. Sobald wir Ihre R\u00fccksendung erhalten haben, sorgen wir daf\u00fcr, dass der Kaufbetrag sofort auf Ihr Konto zur\u00fcck\u00fcberwiesen wird.<\/p>\n\n<h4 class=\"wp-block-heading\"><strong>R\u00fcckgabe ist unkompliziert<\/strong><\/h4>\n\n<p>Sie haben die Wahl. M\u00f6chten Sie pers\u00f6nlich vorbeikommen? Sie k\u00f6nnen das Produkt kostenlos in unserem Showroom in Berkel en Rodenrijs zur\u00fcckgeben. Bevorzugen Sie es, es zu versenden? Kein Problem. Die Versandkosten h\u00e4ngen vom ausgew\u00e4hlten Versandunternehmen ab. Wir sch\u00e4tzen es, wenn Sie uns \u00fcber das ausgew\u00e4hlte Versandunternehmen informieren, damit wir alles reibungslos abwickeln k\u00f6nnen. Beachten Sie, dass die Kosten f\u00fcr die R\u00fccksendung von Ihnen getragen werden.<\/p>\n\n<p>Bei Bestellungen von au\u00dferhalb der Europ\u00e4ischen Union werden die Versandkosten vom Gesamtbetrag abgezogen, der zur\u00fcckerstattet wird. Dies bedeutet, dass die anf\u00e4nglichen Versandkosten nicht erstattet werden.<\/p>\n\n<h4 class=\"wp-block-heading\"><strong>Unsere R\u00fccksendeadresse:<\/strong><\/h4>\n\n<p>Scandinavische Lampen <br\/>Harry Banninklaan 102 <br\/>2652NB Berkel en Rodenrijs<br\/>Nederland<\/p>\n\n<h2 class=\"wp-block-heading\"><strong>Einfache R\u00fcckgaberichtlinien<\/strong><\/h2>\n\n<p>Wir verstehen, dass nicht immer alles perfekt passt. Deshalb haben wir klare und faire R\u00fcckgaberichtlinien. Wenn Sie innerhalb von 14 Tagen nach Erhalt mit Ihrer Bestellung nicht zufrieden sind, k\u00f6nnen Sie das Produkt ohne Bedenken zur\u00fcckgeben. Unser R\u00fcckgabeservice gilt f\u00fcr Produkte, die folgende Bedingungen erf\u00fcllen:<\/p>\n\n<ul class=\"wp-block-list\">\n<li>Das Produkt ist vollst\u00e4ndig, in unber\u00fchrtem Zustand und unbesch\u00e4digt.<\/li>\n\n\n\n<li>Das Produkt wird sorgf\u00e4ltig f\u00fcr die R\u00fccksendung verpackt.<\/li>\n<\/ul>\n\n<h4 class=\"wp-block-heading\"><strong>Ausnahmen bei R\u00fcckgaben:<\/strong> <strong>Ma\u00dfanfertigungen<\/strong><\/h4>\n\n<p>Ma\u00dfgefertigte Produkte, die speziell nach Ihren W\u00fcnschen hergestellt wurden, sind eine Ausnahme von unserem R\u00fcckgabeservice. Dazu geh\u00f6ren unter anderem:<\/p>\n\n<ul class=\"wp-block-list\">\n<li>Produkte mit einer auf Ihre W\u00fcnsche angepassten Kabel- oder Farbl\u00e4nge.<\/li>\n\n\n\n<li>Lampen mit Ihrer gew\u00e4hlten Pulverbeschichtungsfarbe.<\/li>\n\n\n\n<li>Anpassungen am Lampensockel gem\u00e4\u00df Ihren Vorlieben.<\/li>\n<\/ul>\n\n<p><strong>Umtausch? Nat\u00fcrlich, kein Problem!<\/strong><\/p>\n\n<p>Ist ein anderes Produkt mehr nach Ihrem Geschmack? Kein Problem. Innerhalb von 14 Tagen k\u00f6nnen Sie Ihre Bestellung gegen einen anderen Artikel umtauschen. Senden Sie das Produkt an uns zur\u00fcck oder bringen Sie es in unseren Showroom. Teilen Sie uns mit, welches Produkt Sie im Austausch w\u00fcnschen.<\/p>\n\n<h4 class=\"wp-block-heading\"><strong>Schnelle R\u00fcckerstattung<\/strong><\/h4>\n\n<p>Sobald Ihre R\u00fccksendung sicher bei uns eingegangen ist, initiieren wir umgehend die R\u00fcckerstattung. In den meisten F\u00e4llen erhalten Sie Ihr Geld noch am selben Tag zur\u00fcck.<\/p>\n\n<h4 class=\"wp-block-heading\"><strong>Haben Sie noch Fragen?<\/strong><\/h4>\n\n<p>Haben Sie spezielle Fragen zu unserem R\u00fcckgabeservice, die hier nicht beantwortet werden? <a href=\"https:\/\/scandinavischelampen.nl\/contact\/\">Z\u00f6gern Sie nicht, uns \u00fcber unsere Kontaktseite zu kontaktieren.<\/a> Ihre Zufriedenheit hat f\u00fcr uns oberste Priorit\u00e4t, und wir stehen bereit, Ihnen zu helfen.<br\/><br\/><\/p>\n\n<figure class=\"wp-block-image aligncenter size-full is-resized\"><img data-recalc-dims=\"1\" loading=\"lazy\" decoding=\"async\" width=\"1824\" height=\"1253\" src=\"https:\/\/i0.wp.com\/scandinavischelampen.nl\/wp-content\/uploads\/2023\/02\/cognac-lamp.jpeg?resize=1824%2C1253\" alt=\"Bild der in dieser Anzeige angebotenen Horn Belysning Pendelleuchte Typ 761 Cognac.\" class=\"wp-image-7217\" style=\"width:288px;height:198px\"\/><\/figure>\n","protected":false},"excerpt":{"rendered":"<p>Einfache R\u00fcckgabe: Ihre Zufriedenheit steht an erster Stelle! Ihre Zufriedenheit hat f\u00fcr uns oberste Priorit\u00e4t. Wir streben danach, dass Sie mit Ihrem Kauf vollkommen zufrieden sind. Sollte dies unerwarteterweise nicht der Fall sein, machen Sie sich keine Sorgen. Wir bieten eine flexible R\u00fcckgabefrist von 14 Tagen, w\u00e4hrend der Sie die volle Kontrolle haben, um einen [&hellip;]<\/p>\n","protected":false},"author":1,"featured_media":0,"parent":0,"menu_order":0,"comment_status":"closed","ping_status":"closed","template":"","meta":{"_uag_custom_page_level_css":"","site-sidebar-layout":"default","site-content-layout":"","ast-site-content-layout":"default","site-content-style":"default","site-sidebar-style":"default","ast-global-header-display":"","ast-banner-title-visibility":"","ast-main-header-display":"","ast-hfb-above-header-display":"","ast-hfb-below-header-display":"","ast-hfb-mobile-header-display":"","site-post-title":"","ast-breadcrumbs-content":"","ast-featured-img":"","footer-sml-layout":"","ast-disable-related-posts":"","theme-transparent-header-meta":"","adv-header-id-meta":"","stick-header-meta":"","header-above-stick-meta":"","header-main-stick-meta":"","header-below-stick-meta":"","astra-migrate-meta-layouts":"default","ast-page-background-enabled":"default","ast-page-background-meta":{"desktop":{"background-color":"var(--ast-global-color-4)","background-image":"","background-repeat":"repeat","background-position":"center center","background-size":"auto","background-attachment":"scroll","background-type":"","background-media":"","overlay-type":"","overlay-color":"","overlay-opacity":"","overlay-gradient":""},"tablet":{"background-color":"","background-image":"","background-repeat":"repeat","background-position":"center center","background-size":"auto","background-attachment":"scroll","background-type":"","background-media":"","overlay-type":"","overlay-color":"","overlay-opacity":"","overlay-gradient":""},"mobile":{"background-color":"","background-image":"","background-repeat":"repeat","background-position":"center center","background-size":"auto","background-attachment":"scroll","background-type":"","background-media":"","overlay-type":"","overlay-color":"","overlay-opacity":"","overlay-gradient":""}},"ast-content-background-meta":{"desktop":{"background-color":"var(--ast-global-color-5)","background-image":"","background-repeat":"repeat","background-position":"center center","background-size":"auto","background-attachment":"scroll","background-type":"","background-media":"","overlay-type":"","overlay-color":"","overlay-opacity":"","overlay-gradient":""},"tablet":{"background-color":"var(--ast-global-color-5)","background-image":"","background-repeat":"repeat","background-position":"center center","background-size":"auto","background-attachment":"scroll","background-type":"","background-media":"","overlay-type":"","overlay-color":"","overlay-opacity":"","overlay-gradient":""},"mobile":{"background-color":"var(--ast-global-color-5)","background-image":"","background-repeat":"repeat","background-position":"center center","background-size":"auto","background-attachment":"scroll","background-type":"","background-media":"","overlay-type":"","overlay-color":"","overlay-opacity":"","overlay-gradient":""}},"footnotes":""},"class_list":["post-22960","page","type-page","status-publish","hentry"],"yoast_head":"<!-- This site is optimized with the Yoast SEO plugin v27.5 - https:\/\/yoast.com\/product\/yoast-seo-wordpress\/ -->\n<title>R\u00fcckgabe und Umtausch - Skandinavische Lampen<\/title>\n<meta name=\"description\" content=\"Unsere R\u00fcckgabefrist betr\u00e4gt 14 Tage, in denen Sie die M\u00f6glichkeit haben, die Artikel umzutauschen und zur\u00fcckzusenden. Bei Fragen stehen wir Ihnen gerne zur Verf\u00fcgung.\" \/>\n<meta name=\"robots\" content=\"index, follow, max-snippet:-1, max-image-preview:large, max-video-preview:-1\" \/>\n<link rel=\"canonical\" href=\"https:\/\/scandinavischelampen.nl\/de\/ruckgabe-und-umtausch\/\" \/>\n<meta property=\"og:locale\" content=\"de_DE\" \/>\n<meta property=\"og:type\" content=\"article\" \/>\n<meta property=\"og:title\" content=\"R\u00fcckgabe und Umtausch - Skandinavische Lampen\" \/>\n<meta property=\"og:description\" content=\"Unsere R\u00fcckgabefrist betr\u00e4gt 14 Tage, in denen Sie die M\u00f6glichkeit haben, die Artikel umzutauschen und zur\u00fcckzusenden. Bei Fragen stehen wir Ihnen gerne zur Verf\u00fcgung.\" \/>\n<meta property=\"og:url\" content=\"https:\/\/scandinavischelampen.nl\/de\/ruckgabe-und-umtausch\/\" \/>\n<meta property=\"og:site_name\" content=\"Skandinavische Lampen\" \/>\n<meta property=\"article:publisher\" content=\"https:\/\/www.facebook.com\/scandinavischelampen\/\" \/>\n<meta property=\"article:modified_time\" content=\"2026-02-04T19:45:34+00:00\" \/>\n<meta property=\"og:image\" content=\"http:\/\/scandinavischelampen.nl\/wp-content\/uploads\/2023\/02\/cognac-lamp.jpeg\" \/>\n<meta name=\"twitter:card\" content=\"summary_large_image\" \/>\n<meta name=\"twitter:label1\" content=\"Gesch\u00e4tzte Lesezeit\" \/>\n\t<meta name=\"twitter:data1\" content=\"3\u00a0Minuten\" \/>\n<script type=\"application\/ld+json\" class=\"yoast-schema-graph\">{\"@context\":\"https:\\\/\\\/schema.org\",\"@graph\":[{\"@type\":\"WebPage\",\"@id\":\"https:\\\/\\\/scandinavischelampen.nl\\\/de\\\/ruckgabe-und-umtausch\\\/\",\"url\":\"https:\\\/\\\/scandinavischelampen.nl\\\/de\\\/ruckgabe-und-umtausch\\\/\",\"name\":\"R\u00fcckgabe und Umtausch - Skandinavische Lampen\",\"isPartOf\":{\"@id\":\"https:\\\/\\\/scandinavischelampen.nl\\\/de\\\/#website\"},\"primaryImageOfPage\":{\"@id\":\"https:\\\/\\\/scandinavischelampen.nl\\\/de\\\/ruckgabe-und-umtausch\\\/#primaryimage\"},\"image\":{\"@id\":\"https:\\\/\\\/scandinavischelampen.nl\\\/de\\\/ruckgabe-und-umtausch\\\/#primaryimage\"},\"thumbnailUrl\":\"http:\\\/\\\/scandinavischelampen.nl\\\/wp-content\\\/uploads\\\/2023\\\/02\\\/cognac-lamp.jpeg\",\"datePublished\":\"2023-04-19T06:46:29+00:00\",\"dateModified\":\"2026-02-04T19:45:34+00:00\",\"description\":\"Unsere R\u00fcckgabefrist betr\u00e4gt 14 Tage, in denen Sie die M\u00f6glichkeit haben, die Artikel umzutauschen und zur\u00fcckzusenden. Bei Fragen stehen wir Ihnen gerne zur Verf\u00fcgung.\",\"breadcrumb\":{\"@id\":\"https:\\\/\\\/scandinavischelampen.nl\\\/de\\\/ruckgabe-und-umtausch\\\/#breadcrumb\"},\"inLanguage\":\"de\",\"potentialAction\":[{\"@type\":\"ReadAction\",\"target\":[\"https:\\\/\\\/scandinavischelampen.nl\\\/de\\\/ruckgabe-und-umtausch\\\/\"]}]},{\"@type\":\"ImageObject\",\"inLanguage\":\"de\",\"@id\":\"https:\\\/\\\/scandinavischelampen.nl\\\/de\\\/ruckgabe-und-umtausch\\\/#primaryimage\",\"url\":\"http:\\\/\\\/scandinavischelampen.nl\\\/wp-content\\\/uploads\\\/2023\\\/02\\\/cognac-lamp.jpeg\",\"contentUrl\":\"http:\\\/\\\/scandinavischelampen.nl\\\/wp-content\\\/uploads\\\/2023\\\/02\\\/cognac-lamp.jpeg\"},{\"@type\":\"BreadcrumbList\",\"@id\":\"https:\\\/\\\/scandinavischelampen.nl\\\/de\\\/ruckgabe-und-umtausch\\\/#breadcrumb\",\"itemListElement\":[{\"@type\":\"ListItem\",\"position\":1,\"name\":\"Home\",\"item\":\"https:\\\/\\\/scandinavischelampen.nl\\\/de\\\/\"},{\"@type\":\"ListItem\",\"position\":2,\"name\":\"R\u00fcckgabe und Umtausch\"}]},{\"@type\":\"WebSite\",\"@id\":\"https:\\\/\\\/scandinavischelampen.nl\\\/de\\\/#website\",\"url\":\"https:\\\/\\\/scandinavischelampen.nl\\\/de\\\/\",\"name\":\"Scandinavische Lampen\",\"description\":\"Vintage-Designbeleuchtung\",\"publisher\":{\"@id\":\"https:\\\/\\\/scandinavischelampen.nl\\\/de\\\/#organization\"},\"potentialAction\":[{\"@type\":\"SearchAction\",\"target\":{\"@type\":\"EntryPoint\",\"urlTemplate\":\"https:\\\/\\\/scandinavischelampen.nl\\\/de\\\/?s={search_term_string}\"},\"query-input\":{\"@type\":\"PropertyValueSpecification\",\"valueRequired\":true,\"valueName\":\"search_term_string\"}}],\"inLanguage\":\"de\"},{\"@type\":\"Organization\",\"@id\":\"https:\\\/\\\/scandinavischelampen.nl\\\/de\\\/#organization\",\"name\":\"Scandinavische Lampen\",\"url\":\"https:\\\/\\\/scandinavischelampen.nl\\\/de\\\/\",\"logo\":{\"@type\":\"ImageObject\",\"inLanguage\":\"de\",\"@id\":\"https:\\\/\\\/scandinavischelampen.nl\\\/de\\\/#\\\/schema\\\/logo\\\/image\\\/\",\"url\":\"https:\\\/\\\/i0.wp.com\\\/scandinavischelampen.nl\\\/wp-content\\\/uploads\\\/2023\\\/07\\\/cropped-Scandinavische-lampen-logo-oranje-01-scaled.png?fit=4717%2C1570&ssl=1\",\"contentUrl\":\"https:\\\/\\\/i0.wp.com\\\/scandinavischelampen.nl\\\/wp-content\\\/uploads\\\/2023\\\/07\\\/cropped-Scandinavische-lampen-logo-oranje-01-scaled.png?fit=4717%2C1570&ssl=1\",\"width\":4717,\"height\":1570,\"caption\":\"Scandinavische Lampen\"},\"image\":{\"@id\":\"https:\\\/\\\/scandinavischelampen.nl\\\/de\\\/#\\\/schema\\\/logo\\\/image\\\/\"},\"sameAs\":[\"https:\\\/\\\/www.facebook.com\\\/scandinavischelampen\\\/\",\"https:\\\/\\\/www.instagram.com\\\/scandinavische_lampen\\\/\"]}]}<\/script>\n<!-- \/ Yoast SEO plugin. -->","yoast_head_json":{"title":"R\u00fcckgabe und Umtausch - Skandinavische Lampen","description":"Unsere R\u00fcckgabefrist betr\u00e4gt 14 Tage, in denen Sie die M\u00f6glichkeit haben, die Artikel umzutauschen und zur\u00fcckzusenden. Bei Fragen stehen wir Ihnen gerne zur Verf\u00fcgung.","robots":{"index":"index","follow":"follow","max-snippet":"max-snippet:-1","max-image-preview":"max-image-preview:large","max-video-preview":"max-video-preview:-1"},"canonical":"https:\/\/scandinavischelampen.nl\/de\/ruckgabe-und-umtausch\/","og_locale":"de_DE","og_type":"article","og_title":"R\u00fcckgabe und Umtausch - Skandinavische Lampen","og_description":"Unsere R\u00fcckgabefrist betr\u00e4gt 14 Tage, in denen Sie die M\u00f6glichkeit haben, die Artikel umzutauschen und zur\u00fcckzusenden. Bei Fragen stehen wir Ihnen gerne zur Verf\u00fcgung.","og_url":"https:\/\/scandinavischelampen.nl\/de\/ruckgabe-und-umtausch\/","og_site_name":"Skandinavische Lampen","article_publisher":"https:\/\/www.facebook.com\/scandinavischelampen\/","article_modified_time":"2026-02-04T19:45:34+00:00","og_image":[{"url":"http:\/\/scandinavischelampen.nl\/wp-content\/uploads\/2023\/02\/cognac-lamp.jpeg","type":"","width":"","height":""}],"twitter_card":"summary_large_image","twitter_misc":{"Gesch\u00e4tzte Lesezeit":"3\u00a0Minuten"},"schema":{"@context":"https:\/\/schema.org","@graph":[{"@type":"WebPage","@id":"https:\/\/scandinavischelampen.nl\/de\/ruckgabe-und-umtausch\/","url":"https:\/\/scandinavischelampen.nl\/de\/ruckgabe-und-umtausch\/","name":"R\u00fcckgabe und Umtausch - Skandinavische Lampen","isPartOf":{"@id":"https:\/\/scandinavischelampen.nl\/de\/#website"},"primaryImageOfPage":{"@id":"https:\/\/scandinavischelampen.nl\/de\/ruckgabe-und-umtausch\/#primaryimage"},"image":{"@id":"https:\/\/scandinavischelampen.nl\/de\/ruckgabe-und-umtausch\/#primaryimage"},"thumbnailUrl":"http:\/\/scandinavischelampen.nl\/wp-content\/uploads\/2023\/02\/cognac-lamp.jpeg","datePublished":"2023-04-19T06:46:29+00:00","dateModified":"2026-02-04T19:45:34+00:00","description":"Unsere R\u00fcckgabefrist betr\u00e4gt 14 Tage, in denen Sie die M\u00f6glichkeit haben, die Artikel umzutauschen und zur\u00fcckzusenden. Bei Fragen stehen wir Ihnen gerne zur Verf\u00fcgung.","breadcrumb":{"@id":"https:\/\/scandinavischelampen.nl\/de\/ruckgabe-und-umtausch\/#breadcrumb"},"inLanguage":"de","potentialAction":[{"@type":"ReadAction","target":["https:\/\/scandinavischelampen.nl\/de\/ruckgabe-und-umtausch\/"]}]},{"@type":"ImageObject","inLanguage":"de","@id":"https:\/\/scandinavischelampen.nl\/de\/ruckgabe-und-umtausch\/#primaryimage","url":"http:\/\/scandinavischelampen.nl\/wp-content\/uploads\/2023\/02\/cognac-lamp.jpeg","contentUrl":"http:\/\/scandinavischelampen.nl\/wp-content\/uploads\/2023\/02\/cognac-lamp.jpeg"},{"@type":"BreadcrumbList","@id":"https:\/\/scandinavischelampen.nl\/de\/ruckgabe-und-umtausch\/#breadcrumb","itemListElement":[{"@type":"ListItem","position":1,"name":"Home","item":"https:\/\/scandinavischelampen.nl\/de\/"},{"@type":"ListItem","position":2,"name":"R\u00fcckgabe und Umtausch"}]},{"@type":"WebSite","@id":"https:\/\/scandinavischelampen.nl\/de\/#website","url":"https:\/\/scandinavischelampen.nl\/de\/","name":"Scandinavische Lampen","description":"Vintage-Designbeleuchtung","publisher":{"@id":"https:\/\/scandinavischelampen.nl\/de\/#organization"},"potentialAction":[{"@type":"SearchAction","target":{"@type":"EntryPoint","urlTemplate":"https:\/\/scandinavischelampen.nl\/de\/?s={search_term_string}"},"query-input":{"@type":"PropertyValueSpecification","valueRequired":true,"valueName":"search_term_string"}}],"inLanguage":"de"},{"@type":"Organization","@id":"https:\/\/scandinavischelampen.nl\/de\/#organization","name":"Scandinavische Lampen","url":"https:\/\/scandinavischelampen.nl\/de\/","logo":{"@type":"ImageObject","inLanguage":"de","@id":"https:\/\/scandinavischelampen.nl\/de\/#\/schema\/logo\/image\/","url":"https:\/\/i0.wp.com\/scandinavischelampen.nl\/wp-content\/uploads\/2023\/07\/cropped-Scandinavische-lampen-logo-oranje-01-scaled.png?fit=4717%2C1570&ssl=1","contentUrl":"https:\/\/i0.wp.com\/scandinavischelampen.nl\/wp-content\/uploads\/2023\/07\/cropped-Scandinavische-lampen-logo-oranje-01-scaled.png?fit=4717%2C1570&ssl=1","width":4717,"height":1570,"caption":"Scandinavische Lampen"},"image":{"@id":"https:\/\/scandinavischelampen.nl\/de\/#\/schema\/logo\/image\/"},"sameAs":["https:\/\/www.facebook.com\/scandinavischelampen\/","https:\/\/www.instagram.com\/scandinavische_lampen\/"]}]}},"uagb_featured_image_src":{"full":false,"thumbnail":false,"medium":false,"medium_large":false,"large":false,"1536x1536":false,"2048x2048":false,"woocommerce_thumbnail":false,"woocommerce_single":false,"woocommerce_gallery_thumbnail":false,"thaps-thumb-img":false},"uagb_author_info":{"display_name":"administrator","author_link":"https:\/\/scandinavischelampen.nl\/de\/author\/administrator\/"},"uagb_comment_info":0,"uagb_excerpt":"Einfache R\u00fcckgabe: Ihre Zufriedenheit steht an erster Stelle! Ihre Zufriedenheit hat f\u00fcr uns oberste Priorit\u00e4t. Wir streben danach, dass Sie mit Ihrem Kauf vollkommen zufrieden sind. Sollte dies unerwarteterweise nicht der Fall sein, machen Sie sich keine Sorgen. Wir bieten eine flexible R\u00fcckgabefrist von 14 Tagen, w\u00e4hrend der Sie die volle Kontrolle haben, um einen&hellip;","jetpack_sharing_enabled":true,"_links":{"self":[{"href":"https:\/\/scandinavischelampen.nl\/de\/wp-json\/wp\/v2\/pages\/22960","targetHints":{"allow":["GET"]}}],"collection":[{"href":"https:\/\/scandinavischelampen.nl\/de\/wp-json\/wp\/v2\/pages"}],"about":[{"href":"https:\/\/scandinavischelampen.nl\/de\/wp-json\/wp\/v2\/types\/page"}],"author":[{"embeddable":true,"href":"https:\/\/scandinavischelampen.nl\/de\/wp-json\/wp\/v2\/users\/1"}],"replies":[{"embeddable":true,"href":"https:\/\/scandinavischelampen.nl\/de\/wp-json\/wp\/v2\/comments?post=22960"}],"version-history":[{"count":4,"href":"https:\/\/scandinavischelampen.nl\/de\/wp-json\/wp\/v2\/pages\/22960\/revisions"}],"predecessor-version":[{"id":62753,"href":"https:\/\/scandinavischelampen.nl\/de\/wp-json\/wp\/v2\/pages\/22960\/revisions\/62753"}],"wp:attachment":[{"href":"https:\/\/scandinavischelampen.nl\/de\/wp-json\/wp\/v2\/media?parent=22960"}],"curies":[{"name":"wp","href":"https:\/\/api.w.org\/{rel}","templated":true}]}}