{"id":22744,"date":"2023-03-13T19:52:08","date_gmt":"2023-03-13T18:52:08","guid":{"rendered":"https:\/\/v2.scandinavischelampen.nl\/kontakt\/"},"modified":"2025-08-10T20:51:28","modified_gmt":"2025-08-10T18:51:28","slug":"kontakt","status":"publish","type":"page","link":"https:\/\/scandinavischelampen.nl\/de\/kontakt\/","title":{"rendered":"Kontakt"},"content":{"rendered":"\n<figure class=\"wp-block-image alignright size-large is-resized\"><img data-recalc-dims=\"1\" loading=\"lazy\" decoding=\"async\" width=\"1024\" height=\"768\" src=\"https:\/\/i0.wp.com\/scandinavischelampen.nl\/wp-content\/uploads\/2023\/07\/cognac-lamp.jpg?resize=1024%2C768\" alt=\"Atmosph\u00e4renfotob\u00fcro und Kontakt\" class=\"wp-image-8232\" style=\"width:347px;height:260px\" srcset=\"https:\/\/i0.wp.com\/scandinavischelampen.nl\/wp-content\/uploads\/2023\/07\/cognac-lamp.jpg?resize=1024%2C768&amp;ssl=1 1024w, https:\/\/i0.wp.com\/scandinavischelampen.nl\/wp-content\/uploads\/2023\/07\/cognac-lamp.jpg?resize=300%2C225&amp;ssl=1 300w, https:\/\/i0.wp.com\/scandinavischelampen.nl\/wp-content\/uploads\/2023\/07\/cognac-lamp.jpg?resize=768%2C576&amp;ssl=1 768w, https:\/\/i0.wp.com\/scandinavischelampen.nl\/wp-content\/uploads\/2023\/07\/cognac-lamp.jpg?resize=1536%2C1152&amp;ssl=1 1536w, https:\/\/i0.wp.com\/scandinavischelampen.nl\/wp-content\/uploads\/2023\/07\/cognac-lamp.jpg?resize=600%2C450&amp;ssl=1 600w, https:\/\/i0.wp.com\/scandinavischelampen.nl\/wp-content\/uploads\/2023\/07\/cognac-lamp.jpg?w=1890&amp;ssl=1 1890w\" sizes=\"auto, (max-width: 1000px) 100vw, 1000px\" \/><\/figure>\n\n\n\n<p class=\"has-medium-font-size\">Bei Scandinavian Lamps ist unser Ziel, Ihnen das bestm\u00f6gliche Erlebnis bei der Suche nach den perfekten Beleuchtungsl\u00f6sungen f\u00fcr Ihren Raum zu bieten. Wir sind immer bereit, Ihre Fragen zu beantworten, Ratschl\u00e4ge zu geben und eventuelle Probleme zu l\u00f6sen. Z\u00f6gern Sie nicht, uns \u00fcber eine der folgenden Methoden zu kontaktieren:<\/p>\n\n\n\n<p class=\"has-medium-font-size\"><strong>Adresse: <\/strong><\/p>\n\n\n\n<p class=\"has-medium-font-size\">Scandinavische Lampen<br>Harry Banninklaan 102<br>2652 NB Berkel en Rodenrijs<br>Die Niederlande<\/p>\n\n\n\n<p class=\"has-medium-font-size\"><strong>Telefon: <\/strong><\/p>\n\n\n\n<p class=\"has-medium-font-size\"><a href=\"tel:00310850868075\">+31 085 086 8075<\/a><\/p>\n\n\n\n<p class=\"has-medium-font-size\"><strong>E-mail: <\/strong><\/p>\n\n\n\n<p class=\"has-medium-font-size\"><a href=\"mailto:sales@scandinavischelampen.nl\">sales@scandinavischelampen.nl<\/a><\/p>\n\n\n\n<p class=\"has-medium-font-size\"><strong>WhatsApp: <\/strong><\/p>\n\n\n\n<p class=\"has-medium-font-size\"><a href=\"https:\/\/wa.me\/31850868075\">Klicken Sie hier<\/a>, um uns eine WhatsApp-Nachricht zu senden.<\/p>\n\n\n\n<p class=\"has-medium-font-size\"><strong>Chat: <\/strong><\/p>\n\n\n\n<p class=\"has-medium-font-size\">Verwenden Sie die Chat-Funktion unten rechts auf dem Bildschirm f\u00fcr sofortige Unterst\u00fctzung w\u00e4hrend unserer Gesch\u00e4ftszeiten.<\/p>\n\n\n\n<p class=\"has-medium-font-size\"><strong>Besuchen Sie Unsere Ausstellung<\/strong><\/p>\n\n\n\n<p class=\"has-medium-font-size\">M\u00f6chten Sie unsere Lampen lieber pers\u00f6nlich sehen, bevor Sie einen Kauf t\u00e4tigen? Vereinbaren Sie einen Termin und besuchen Sie unsere Ausstellung unter folgender Adresse:<\/p>\n\n\n\n<p class=\"has-medium-font-size\">Scandinavische Lampen <br>Harry Banninklaan 102<br>2652 NB Berkel en Rodenrijs<br>Die Niederlande<\/p>\n\n\n\n<p class=\"has-medium-font-size\"><strong>\u00d6ffnungszeiten der Shop<\/strong><\/p>\n\n\n\n<p class=\"has-medium-font-size\">Mittwoch: 11:00 &#8211; 17:00 Uhr<br>Donnerstag: 11:00 &#8211; 17:00 Uhr<br>Freitag: 11:00 &#8211; 17:00 Uhr<br>Samstag: 11:00 &#8211; 17:00 Uhr<\/p>\n\n\n\n<p class=\"has-medium-font-size\">Kommen Sie vorbei, lassen Sie sich inspirieren und entdecken Sie, wie die richtige Beleuchtung Ihr Zuhause zum Leben erweckt. Wir freuen uns auf Sie!<\/p>\n\n\n\n<p class=\"has-medium-font-size\"><strong>Folgen Sie Uns in den Sozialen Medien<\/strong><\/p>\n\n\n\n<p class=\"has-medium-font-size\">Bleiben Sie \u00fcber unsere neuesten Produkte, Angebote und inspirierenden Beleuchtungsideen auf dem Laufenden, indem Sie uns in den sozialen Medien folgen:<\/p>\n\n\n\n<p class=\"has-medium-font-size\"><a href=\"https:\/\/www.facebook.com\/scandinavischelampen\">Facebook<\/a><\/p>\n\n\n\n<p class=\"has-medium-font-size\"><a href=\"https:\/\/www.instagram.com\/scandinavische_lampen\/\">Instagram<\/a><\/p>\n\n\n\n<p class=\"has-medium-font-size\"><strong>Standort<\/strong><\/p>\n\n\n\n<p class=\"has-medium-font-size\">Unten finden Sie eine Karte mit unserem Standort:<\/p>\n\n\n\t\t\t<div \n\t\t\tclass=\"wp-block-uagb-google-map uagb-google-map__wrap uagb-block-86708f04     \"\n\t\t\tstyle=\"\" >\n\t\t\t\t<embed\n\t\t\t\t\tclass=\"uagb-google-map__iframe\"\n\t\t\t\t\ttitle=\"Google Map for \"\n\t\t\t\t\tsrc=\"https:\/\/maps.google.com\/maps?q=Scandinavische%20Lampen&#038;z=10&#038;hl=nl&#038;t=m&#038;output=embed&#038;iwloc=near\"\n\t\t\t\t\twidth=\"640\"\n\t\t\t\t\theight=\"300\"\n\t\t\t\t\tloading=\"lazy\"\n\t\t\t\t><\/embed>\n\t\t\t<\/div>\n\t\t\t\n\n\n<p><\/p>\n\n\n\n<p class=\"has-medium-font-size\">Wir freuen uns darauf, von Ihnen zu h\u00f6ren und Ihnen bei all Ihren Beleuchtungsbed\u00fcrfnissen zu helfen. Bei Scandinavian Lamps streben wir danach, Ihnen den besten Service zu bieten und hochwertige skandinavische Lampen anzubieten, die perfekt zu Ihrem Stil und Ihrer Einrichtung passen.<\/p>\n","protected":false},"excerpt":{"rendered":"<p>Bei Scandinavian Lamps ist unser Ziel, Ihnen das bestm\u00f6gliche Erlebnis bei der Suche nach den perfekten Beleuchtungsl\u00f6sungen f\u00fcr Ihren Raum zu bieten. Wir sind immer bereit, Ihre Fragen zu beantworten, Ratschl\u00e4ge zu geben und eventuelle Probleme zu l\u00f6sen. Z\u00f6gern Sie nicht, uns \u00fcber eine der folgenden Methoden zu kontaktieren: Adresse: Scandinavische LampenHarry Banninklaan 1022652 NB [&hellip;]<\/p>\n","protected":false},"author":1,"featured_media":0,"parent":0,"menu_order":0,"comment_status":"closed","ping_status":"closed","template":"","meta":{"_uag_custom_page_level_css":"","site-sidebar-layout":"default","site-content-layout":"","ast-site-content-layout":"default","site-content-style":"default","site-sidebar-style":"default","ast-global-header-display":"","ast-banner-title-visibility":"","ast-main-header-display":"","ast-hfb-above-header-display":"","ast-hfb-below-header-display":"","ast-hfb-mobile-header-display":"","site-post-title":"","ast-breadcrumbs-content":"","ast-featured-img":"","footer-sml-layout":"","ast-disable-related-posts":"","theme-transparent-header-meta":"","adv-header-id-meta":"","stick-header-meta":"","header-above-stick-meta":"","header-main-stick-meta":"","header-below-stick-meta":"","astra-migrate-meta-layouts":"set","ast-page-background-enabled":"default","ast-page-background-meta":{"desktop":{"background-color":"var(--ast-global-color-4)","background-image":"","background-repeat":"repeat","background-position":"center center","background-size":"auto","background-attachment":"scroll","background-type":"","background-media":"","overlay-type":"","overlay-color":"","overlay-opacity":"","overlay-gradient":""},"tablet":{"background-color":"","background-image":"","background-repeat":"repeat","background-position":"center center","background-size":"auto","background-attachment":"scroll","background-type":"","background-media":"","overlay-type":"","overlay-color":"","overlay-opacity":"","overlay-gradient":""},"mobile":{"background-color":"","background-image":"","background-repeat":"repeat","background-position":"center center","background-size":"auto","background-attachment":"scroll","background-type":"","background-media":"","overlay-type":"","overlay-color":"","overlay-opacity":"","overlay-gradient":""}},"ast-content-background-meta":{"desktop":{"background-color":"var(--ast-global-color-5)","background-image":"","background-repeat":"repeat","background-position":"center center","background-size":"auto","background-attachment":"scroll","background-type":"","background-media":"","overlay-type":"","overlay-color":"","overlay-opacity":"","overlay-gradient":""},"tablet":{"background-color":"var(--ast-global-color-5)","background-image":"","background-repeat":"repeat","background-position":"center center","background-size":"auto","background-attachment":"scroll","background-type":"","background-media":"","overlay-type":"","overlay-color":"","overlay-opacity":"","overlay-gradient":""},"mobile":{"background-color":"var(--ast-global-color-5)","background-image":"","background-repeat":"repeat","background-position":"center center","background-size":"auto","background-attachment":"scroll","background-type":"","background-media":"","overlay-type":"","overlay-color":"","overlay-opacity":"","overlay-gradient":""}},"footnotes":""},"class_list":["post-22744","page","type-page","status-publish","hentry"],"yoast_head":"<!-- This site is optimized with the Yoast SEO plugin v27.5 - https:\/\/yoast.com\/product\/yoast-seo-wordpress\/ -->\n<title>Kontakt - Skandinavische Lampen<\/title>\n<meta name=\"description\" content=\"Unsere Kundendienstmitarbeiter helfen Ihnen gerne weiter. Sie erreichen uns per Chat, E-Mail und Telefon von 8.00 bis 22.00 Uhr.\" \/>\n<meta name=\"robots\" content=\"index, follow, max-snippet:-1, max-image-preview:large, max-video-preview:-1\" \/>\n<link rel=\"canonical\" href=\"https:\/\/scandinavischelampen.nl\/de\/kontakt\/\" \/>\n<meta property=\"og:locale\" content=\"de_DE\" \/>\n<meta property=\"og:type\" content=\"article\" \/>\n<meta property=\"og:title\" content=\"Kontakt - Skandinavische Lampen\" \/>\n<meta property=\"og:description\" content=\"Unsere Kundendienstmitarbeiter helfen Ihnen gerne weiter. Sie erreichen uns per Chat, E-Mail und Telefon von 8.00 bis 22.00 Uhr.\" \/>\n<meta property=\"og:url\" content=\"https:\/\/scandinavischelampen.nl\/de\/kontakt\/\" \/>\n<meta property=\"og:site_name\" content=\"Skandinavische Lampen\" \/>\n<meta property=\"article:publisher\" content=\"https:\/\/www.facebook.com\/scandinavischelampen\/\" \/>\n<meta property=\"article:modified_time\" content=\"2025-08-10T18:51:28+00:00\" \/>\n<meta property=\"og:image\" content=\"http:\/\/scandinavischelampen.nl\/wp-content\/uploads\/2023\/07\/cognac-lamp-1024x768.jpg\" \/>\n<meta name=\"twitter:card\" content=\"summary_large_image\" \/>\n<meta name=\"twitter:label1\" content=\"Gesch\u00e4tzte Lesezeit\" \/>\n\t<meta name=\"twitter:data1\" content=\"2\u00a0Minuten\" \/>\n<script type=\"application\/ld+json\" class=\"yoast-schema-graph\">{\"@context\":\"https:\\\/\\\/schema.org\",\"@graph\":[{\"@type\":\"WebPage\",\"@id\":\"https:\\\/\\\/scandinavischelampen.nl\\\/de\\\/kontakt\\\/\",\"url\":\"https:\\\/\\\/scandinavischelampen.nl\\\/de\\\/kontakt\\\/\",\"name\":\"Kontakt - Skandinavische Lampen\",\"isPartOf\":{\"@id\":\"https:\\\/\\\/scandinavischelampen.nl\\\/de\\\/#website\"},\"primaryImageOfPage\":{\"@id\":\"https:\\\/\\\/scandinavischelampen.nl\\\/de\\\/kontakt\\\/#primaryimage\"},\"image\":{\"@id\":\"https:\\\/\\\/scandinavischelampen.nl\\\/de\\\/kontakt\\\/#primaryimage\"},\"thumbnailUrl\":\"http:\\\/\\\/scandinavischelampen.nl\\\/wp-content\\\/uploads\\\/2023\\\/07\\\/cognac-lamp-1024x768.jpg\",\"datePublished\":\"2023-03-13T18:52:08+00:00\",\"dateModified\":\"2025-08-10T18:51:28+00:00\",\"description\":\"Unsere Kundendienstmitarbeiter helfen Ihnen gerne weiter. Sie erreichen uns per Chat, E-Mail und Telefon von 8.00 bis 22.00 Uhr.\",\"breadcrumb\":{\"@id\":\"https:\\\/\\\/scandinavischelampen.nl\\\/de\\\/kontakt\\\/#breadcrumb\"},\"inLanguage\":\"de\",\"potentialAction\":[{\"@type\":\"ReadAction\",\"target\":[\"https:\\\/\\\/scandinavischelampen.nl\\\/de\\\/kontakt\\\/\"]}]},{\"@type\":\"ImageObject\",\"inLanguage\":\"de\",\"@id\":\"https:\\\/\\\/scandinavischelampen.nl\\\/de\\\/kontakt\\\/#primaryimage\",\"url\":\"http:\\\/\\\/scandinavischelampen.nl\\\/wp-content\\\/uploads\\\/2023\\\/07\\\/cognac-lamp-1024x768.jpg\",\"contentUrl\":\"http:\\\/\\\/scandinavischelampen.nl\\\/wp-content\\\/uploads\\\/2023\\\/07\\\/cognac-lamp-1024x768.jpg\"},{\"@type\":\"BreadcrumbList\",\"@id\":\"https:\\\/\\\/scandinavischelampen.nl\\\/de\\\/kontakt\\\/#breadcrumb\",\"itemListElement\":[{\"@type\":\"ListItem\",\"position\":1,\"name\":\"Home\",\"item\":\"https:\\\/\\\/scandinavischelampen.nl\\\/de\\\/\"},{\"@type\":\"ListItem\",\"position\":2,\"name\":\"Kontakt\"}]},{\"@type\":\"WebSite\",\"@id\":\"https:\\\/\\\/scandinavischelampen.nl\\\/de\\\/#website\",\"url\":\"https:\\\/\\\/scandinavischelampen.nl\\\/de\\\/\",\"name\":\"Scandinavische Lampen\",\"description\":\"Vintage-Designbeleuchtung\",\"publisher\":{\"@id\":\"https:\\\/\\\/scandinavischelampen.nl\\\/de\\\/#organization\"},\"potentialAction\":[{\"@type\":\"SearchAction\",\"target\":{\"@type\":\"EntryPoint\",\"urlTemplate\":\"https:\\\/\\\/scandinavischelampen.nl\\\/de\\\/?s={search_term_string}\"},\"query-input\":{\"@type\":\"PropertyValueSpecification\",\"valueRequired\":true,\"valueName\":\"search_term_string\"}}],\"inLanguage\":\"de\"},{\"@type\":\"Organization\",\"@id\":\"https:\\\/\\\/scandinavischelampen.nl\\\/de\\\/#organization\",\"name\":\"Scandinavische Lampen\",\"url\":\"https:\\\/\\\/scandinavischelampen.nl\\\/de\\\/\",\"logo\":{\"@type\":\"ImageObject\",\"inLanguage\":\"de\",\"@id\":\"https:\\\/\\\/scandinavischelampen.nl\\\/de\\\/#\\\/schema\\\/logo\\\/image\\\/\",\"url\":\"https:\\\/\\\/i0.wp.com\\\/scandinavischelampen.nl\\\/wp-content\\\/uploads\\\/2023\\\/07\\\/cropped-Scandinavische-lampen-logo-oranje-01-scaled.png?fit=4717%2C1570&ssl=1\",\"contentUrl\":\"https:\\\/\\\/i0.wp.com\\\/scandinavischelampen.nl\\\/wp-content\\\/uploads\\\/2023\\\/07\\\/cropped-Scandinavische-lampen-logo-oranje-01-scaled.png?fit=4717%2C1570&ssl=1\",\"width\":4717,\"height\":1570,\"caption\":\"Scandinavische Lampen\"},\"image\":{\"@id\":\"https:\\\/\\\/scandinavischelampen.nl\\\/de\\\/#\\\/schema\\\/logo\\\/image\\\/\"},\"sameAs\":[\"https:\\\/\\\/www.facebook.com\\\/scandinavischelampen\\\/\",\"https:\\\/\\\/www.instagram.com\\\/scandinavische_lampen\\\/\"]}]}<\/script>\n<!-- \/ Yoast SEO plugin. -->","yoast_head_json":{"title":"Kontakt - Skandinavische Lampen","description":"Unsere Kundendienstmitarbeiter helfen Ihnen gerne weiter. Sie erreichen uns per Chat, E-Mail und Telefon von 8.00 bis 22.00 Uhr.","robots":{"index":"index","follow":"follow","max-snippet":"max-snippet:-1","max-image-preview":"max-image-preview:large","max-video-preview":"max-video-preview:-1"},"canonical":"https:\/\/scandinavischelampen.nl\/de\/kontakt\/","og_locale":"de_DE","og_type":"article","og_title":"Kontakt - Skandinavische Lampen","og_description":"Unsere Kundendienstmitarbeiter helfen Ihnen gerne weiter. Sie erreichen uns per Chat, E-Mail und Telefon von 8.00 bis 22.00 Uhr.","og_url":"https:\/\/scandinavischelampen.nl\/de\/kontakt\/","og_site_name":"Skandinavische Lampen","article_publisher":"https:\/\/www.facebook.com\/scandinavischelampen\/","article_modified_time":"2025-08-10T18:51:28+00:00","og_image":[{"url":"http:\/\/scandinavischelampen.nl\/wp-content\/uploads\/2023\/07\/cognac-lamp-1024x768.jpg","type":"","width":"","height":""}],"twitter_card":"summary_large_image","twitter_misc":{"Gesch\u00e4tzte Lesezeit":"2\u00a0Minuten"},"schema":{"@context":"https:\/\/schema.org","@graph":[{"@type":"WebPage","@id":"https:\/\/scandinavischelampen.nl\/de\/kontakt\/","url":"https:\/\/scandinavischelampen.nl\/de\/kontakt\/","name":"Kontakt - Skandinavische Lampen","isPartOf":{"@id":"https:\/\/scandinavischelampen.nl\/de\/#website"},"primaryImageOfPage":{"@id":"https:\/\/scandinavischelampen.nl\/de\/kontakt\/#primaryimage"},"image":{"@id":"https:\/\/scandinavischelampen.nl\/de\/kontakt\/#primaryimage"},"thumbnailUrl":"http:\/\/scandinavischelampen.nl\/wp-content\/uploads\/2023\/07\/cognac-lamp-1024x768.jpg","datePublished":"2023-03-13T18:52:08+00:00","dateModified":"2025-08-10T18:51:28+00:00","description":"Unsere Kundendienstmitarbeiter helfen Ihnen gerne weiter. Sie erreichen uns per Chat, E-Mail und Telefon von 8.00 bis 22.00 Uhr.","breadcrumb":{"@id":"https:\/\/scandinavischelampen.nl\/de\/kontakt\/#breadcrumb"},"inLanguage":"de","potentialAction":[{"@type":"ReadAction","target":["https:\/\/scandinavischelampen.nl\/de\/kontakt\/"]}]},{"@type":"ImageObject","inLanguage":"de","@id":"https:\/\/scandinavischelampen.nl\/de\/kontakt\/#primaryimage","url":"http:\/\/scandinavischelampen.nl\/wp-content\/uploads\/2023\/07\/cognac-lamp-1024x768.jpg","contentUrl":"http:\/\/scandinavischelampen.nl\/wp-content\/uploads\/2023\/07\/cognac-lamp-1024x768.jpg"},{"@type":"BreadcrumbList","@id":"https:\/\/scandinavischelampen.nl\/de\/kontakt\/#breadcrumb","itemListElement":[{"@type":"ListItem","position":1,"name":"Home","item":"https:\/\/scandinavischelampen.nl\/de\/"},{"@type":"ListItem","position":2,"name":"Kontakt"}]},{"@type":"WebSite","@id":"https:\/\/scandinavischelampen.nl\/de\/#website","url":"https:\/\/scandinavischelampen.nl\/de\/","name":"Scandinavische Lampen","description":"Vintage-Designbeleuchtung","publisher":{"@id":"https:\/\/scandinavischelampen.nl\/de\/#organization"},"potentialAction":[{"@type":"SearchAction","target":{"@type":"EntryPoint","urlTemplate":"https:\/\/scandinavischelampen.nl\/de\/?s={search_term_string}"},"query-input":{"@type":"PropertyValueSpecification","valueRequired":true,"valueName":"search_term_string"}}],"inLanguage":"de"},{"@type":"Organization","@id":"https:\/\/scandinavischelampen.nl\/de\/#organization","name":"Scandinavische Lampen","url":"https:\/\/scandinavischelampen.nl\/de\/","logo":{"@type":"ImageObject","inLanguage":"de","@id":"https:\/\/scandinavischelampen.nl\/de\/#\/schema\/logo\/image\/","url":"https:\/\/i0.wp.com\/scandinavischelampen.nl\/wp-content\/uploads\/2023\/07\/cropped-Scandinavische-lampen-logo-oranje-01-scaled.png?fit=4717%2C1570&ssl=1","contentUrl":"https:\/\/i0.wp.com\/scandinavischelampen.nl\/wp-content\/uploads\/2023\/07\/cropped-Scandinavische-lampen-logo-oranje-01-scaled.png?fit=4717%2C1570&ssl=1","width":4717,"height":1570,"caption":"Scandinavische Lampen"},"image":{"@id":"https:\/\/scandinavischelampen.nl\/de\/#\/schema\/logo\/image\/"},"sameAs":["https:\/\/www.facebook.com\/scandinavischelampen\/","https:\/\/www.instagram.com\/scandinavische_lampen\/"]}]}},"uagb_featured_image_src":{"full":false,"thumbnail":false,"medium":false,"medium_large":false,"large":false,"1536x1536":false,"2048x2048":false,"woocommerce_thumbnail":false,"woocommerce_single":false,"woocommerce_gallery_thumbnail":false,"thaps-thumb-img":false},"uagb_author_info":{"display_name":"administrator","author_link":"https:\/\/scandinavischelampen.nl\/de\/author\/administrator\/"},"uagb_comment_info":0,"uagb_excerpt":"Bei Scandinavian Lamps ist unser Ziel, Ihnen das bestm\u00f6gliche Erlebnis bei der Suche nach den perfekten Beleuchtungsl\u00f6sungen f\u00fcr Ihren Raum zu bieten. Wir sind immer bereit, Ihre Fragen zu beantworten, Ratschl\u00e4ge zu geben und eventuelle Probleme zu l\u00f6sen. Z\u00f6gern Sie nicht, uns \u00fcber eine der folgenden Methoden zu kontaktieren: Adresse: Scandinavische LampenHarry Banninklaan 1022652 NB&hellip;","jetpack_sharing_enabled":true,"_links":{"self":[{"href":"https:\/\/scandinavischelampen.nl\/de\/wp-json\/wp\/v2\/pages\/22744","targetHints":{"allow":["GET"]}}],"collection":[{"href":"https:\/\/scandinavischelampen.nl\/de\/wp-json\/wp\/v2\/pages"}],"about":[{"href":"https:\/\/scandinavischelampen.nl\/de\/wp-json\/wp\/v2\/types\/page"}],"author":[{"embeddable":true,"href":"https:\/\/scandinavischelampen.nl\/de\/wp-json\/wp\/v2\/users\/1"}],"replies":[{"embeddable":true,"href":"https:\/\/scandinavischelampen.nl\/de\/wp-json\/wp\/v2\/comments?post=22744"}],"version-history":[{"count":20,"href":"https:\/\/scandinavischelampen.nl\/de\/wp-json\/wp\/v2\/pages\/22744\/revisions"}],"predecessor-version":[{"id":59095,"href":"https:\/\/scandinavischelampen.nl\/de\/wp-json\/wp\/v2\/pages\/22744\/revisions\/59095"}],"wp:attachment":[{"href":"https:\/\/scandinavischelampen.nl\/de\/wp-json\/wp\/v2\/media?parent=22744"}],"curies":[{"name":"wp","href":"https:\/\/api.w.org\/{rel}","templated":true}]}}