{"id":22556,"date":"2023-04-20T19:49:09","date_gmt":"2023-04-20T17:49:09","guid":{"rendered":"https:\/\/v2.scandinavischelampen.nl\/lieferzeit-lieferung\/"},"modified":"2026-02-04T21:02:40","modified_gmt":"2026-02-04T20:02:40","slug":"lieferzeit","status":"publish","type":"page","link":"https:\/\/scandinavischelampen.nl\/de\/lieferzeit\/","title":{"rendered":"Lieferzeit &amp; Lieferung"},"content":{"rendered":"\n<figure class=\"wp-block-image alignright size-full is-resized\"><img data-recalc-dims=\"1\" decoding=\"async\" src=\"https:\/\/i0.wp.com\/scandinavischelampen.nl\/wp-content\/uploads\/2023\/01\/bruine-lamp.jpeg\" alt=\"Bild der in dieser Anzeige angebotenen Jeka-Pendelleuchte Volga Cognac\" class=\"wp-image-6843\" style=\"width:235px;height:303px\"\/><\/figure>\n\n<p><strong>Lieferzeit &amp; Lieferung<\/strong><\/p>\n\n<p>Willkommen auf unserer Seite \u201eLieferzeit und Lieferung\u201c. Hier beantworten wir die am h\u00e4ufigsten gestellten Fragen zum Zeitpunkt des Versands Ihrer Bestellung, zur Abholung, zu den Versandkosten, zum Bestellstatus, zum Lieferplan und mehr.<\/p>\n\n<p><strong>Wann wird meine Bestellung versendet?<\/strong><\/p>\n\n<p>Nach Ihrer Bestellung beginnen wir umgehend mit der Arbeit f\u00fcr Sie. Im Allgemeinen werden Bestellungen innerhalb von 1-3 Werktagen versendet. <\/p>\n\n<p><strong>Kann ich meine Bestellung auch abholen?<\/strong><\/p>\n\n<p>Sie k\u00f6nnen Ihre Bestellung nach Vereinbarung in unserem Ausstellungsraum in Berkel en Rodenrijs abholen. Sobald wir Ihre Bestellung erhalten haben, werden wir Sie kontaktieren, um einen Termin zu vereinbaren.<\/p>\n\n<p><strong>Wie hoch sind die Versandkosten?<\/strong><\/p>\n\n<p>Die angegebenen Preise verstehen sich zuz\u00fcglich Versandkosten. Die Versandkosten werden im Warenkorb angezeigt, nachdem Sie Ihre Produkte hinzugef\u00fcgt haben. Wir versenden alle unsere Produkte gut verpackt und per Einschreiben mit Post NL.<\/p>\n\n<p><strong>Kann ich den Status meiner Bestellung verfolgen?<\/strong><\/p>\n\n<p>Sobald Ihr Paket versendet wurde, erhalten Sie eine E-Mail von Post NL. Dort finden Sie Track &amp; Trace-Informationen, sodass Sie das Paket bis zu Ihrer Haust\u00fcr verfolgen k\u00f6nnen. Nach Eingang Ihrer Bestellung haben Sie eine Bedenkzeit von 14 Tagen.<\/p>\n\n<p><strong>Wann wird meine Bestellung geliefert?<\/strong><\/p>\n\n<p>Post NL stellt die Pakete innerhalb der Niederlande oft am n\u00e4chsten Werktag zu. Pakete in L\u00e4nder innerhalb der Europ\u00e4ischen Union werden im Durchschnitt innerhalb von 3 bis 5 Werktagen zugestellt. Pakete in L\u00e4nder au\u00dferhalb der Europ\u00e4ischen Union werden im Durchschnitt innerhalb von 5 bis 15 Werktagen zugestellt.<\/p>\n\n<p><strong>Mit welcher Zahlungsmethode kann ich bezahlen?<\/strong><\/p>\n\n<p>Wir akzeptieren verschiedene Zahlungsmethoden, n\u00e4mlich i-Deal, Apple Pay, Bancontact und Paypal. M\u00f6chten Sie lieber eine Rechnung erhalten, die Sie per Bank\u00fcberweisung bezahlen? Auch das ist kein Problem, nehmen Sie gerne <a href=\"https:\/\/scandinavischelampen.nl\/contact\/\">Kontakt<\/a> zu uns auf.<\/p>\n\n<p><strong>Kann ich die Lieferadresse nach meiner Bestellung noch \u00e4ndern?<\/strong><\/p>\n\n<p>Sollten Sie versehentlich eine falsche Lieferadresse angegeben haben, <a href=\"https:\/\/scandinavischelampen.nl\/contact\/\">kontaktieren<\/a> Sie uns bitte so schnell wie m\u00f6glich. Wenn die Bestellung noch nicht versandt wurde, k\u00f6nnen wir die Lieferadresse problemlos f\u00fcr Sie \u00e4ndern.<\/p>\n\n<p><strong>Kann ich meine Bestellung zur\u00fcckgeben?<\/strong><\/p>\n\n<p>Wir sind erst zufrieden, wenn Sie es sind. Wir nutzen eine R\u00fcckgabefrist von 14 Tagen, in der Sie die Wahl haben, einen Artikel umzutauschen oder zur\u00fcckzugeben.<\/p>\n\n<p><strong>Meine Frage ist nicht aufgef\u00fchrt<\/strong><\/p>\n\n<p>Haben Sie weitere Anmerkungen oder Fragen zu unserer Lieferzeit und Lieferung? Z\u00f6gern Sie nicht, uns \u00fcber unsere Kontaktseite zu <a href=\"https:\/\/scandinavischelampen.nl\/contact\/\">kontaktieren<\/a>. Wir sind bereit, alle Ihre Fragen zu beantworten.<\/p>\n","protected":false},"excerpt":{"rendered":"<p>Lieferzeit &amp; Lieferung Willkommen auf unserer Seite \u201eLieferzeit und Lieferung\u201c. Hier beantworten wir die am h\u00e4ufigsten gestellten Fragen zum Zeitpunkt des Versands Ihrer Bestellung, zur Abholung, zu den Versandkosten, zum Bestellstatus, zum Lieferplan und mehr. Wann wird meine Bestellung versendet? Nach Ihrer Bestellung beginnen wir umgehend mit der Arbeit f\u00fcr Sie. Im Allgemeinen werden Bestellungen [&hellip;]<\/p>\n","protected":false},"author":1,"featured_media":0,"parent":0,"menu_order":0,"comment_status":"closed","ping_status":"closed","template":"","meta":{"_uag_custom_page_level_css":"","site-sidebar-layout":"default","site-content-layout":"","ast-site-content-layout":"default","site-content-style":"default","site-sidebar-style":"default","ast-global-header-display":"","ast-banner-title-visibility":"","ast-main-header-display":"","ast-hfb-above-header-display":"","ast-hfb-below-header-display":"","ast-hfb-mobile-header-display":"","site-post-title":"","ast-breadcrumbs-content":"","ast-featured-img":"","footer-sml-layout":"","ast-disable-related-posts":"","theme-transparent-header-meta":"","adv-header-id-meta":"","stick-header-meta":"","header-above-stick-meta":"","header-main-stick-meta":"","header-below-stick-meta":"","astra-migrate-meta-layouts":"set","ast-page-background-enabled":"default","ast-page-background-meta":{"desktop":{"background-color":"var(--ast-global-color-4)","background-image":"","background-repeat":"repeat","background-position":"center center","background-size":"auto","background-attachment":"scroll","background-type":"","background-media":"","overlay-type":"","overlay-color":"","overlay-opacity":"","overlay-gradient":""},"tablet":{"background-color":"","background-image":"","background-repeat":"repeat","background-position":"center center","background-size":"auto","background-attachment":"scroll","background-type":"","background-media":"","overlay-type":"","overlay-color":"","overlay-opacity":"","overlay-gradient":""},"mobile":{"background-color":"","background-image":"","background-repeat":"repeat","background-position":"center center","background-size":"auto","background-attachment":"scroll","background-type":"","background-media":"","overlay-type":"","overlay-color":"","overlay-opacity":"","overlay-gradient":""}},"ast-content-background-meta":{"desktop":{"background-color":"var(--ast-global-color-5)","background-image":"","background-repeat":"repeat","background-position":"center center","background-size":"auto","background-attachment":"scroll","background-type":"","background-media":"","overlay-type":"","overlay-color":"","overlay-opacity":"","overlay-gradient":""},"tablet":{"background-color":"var(--ast-global-color-5)","background-image":"","background-repeat":"repeat","background-position":"center center","background-size":"auto","background-attachment":"scroll","background-type":"","background-media":"","overlay-type":"","overlay-color":"","overlay-opacity":"","overlay-gradient":""},"mobile":{"background-color":"var(--ast-global-color-5)","background-image":"","background-repeat":"repeat","background-position":"center center","background-size":"auto","background-attachment":"scroll","background-type":"","background-media":"","overlay-type":"","overlay-color":"","overlay-opacity":"","overlay-gradient":""}},"footnotes":""},"class_list":["post-22556","page","type-page","status-publish","hentry"],"yoast_head":"<!-- This site is optimized with the Yoast SEO plugin v27.4 - https:\/\/yoast.com\/product\/yoast-seo-wordpress\/ -->\n<title>Lieferzeit &amp; Lieferung - Skandinavische Lampen<\/title>\n<meta name=\"description\" content=\"Eine kurze Lieferzeit gew\u00e4hrleistet eine schnelle Lieferung. Nach Ihrer Bestellung machen wir uns umgehend an die Arbeit f\u00fcr Sie.\" \/>\n<meta name=\"robots\" content=\"index, follow, max-snippet:-1, max-image-preview:large, max-video-preview:-1\" \/>\n<link rel=\"canonical\" href=\"https:\/\/scandinavischelampen.nl\/de\/lieferzeit\/\" \/>\n<meta property=\"og:locale\" content=\"de_DE\" \/>\n<meta property=\"og:type\" content=\"article\" \/>\n<meta property=\"og:title\" content=\"Lieferzeit &amp; Lieferung - Skandinavische Lampen\" \/>\n<meta property=\"og:description\" content=\"Eine kurze Lieferzeit gew\u00e4hrleistet eine schnelle Lieferung. Nach Ihrer Bestellung machen wir uns umgehend an die Arbeit f\u00fcr Sie.\" \/>\n<meta property=\"og:url\" content=\"https:\/\/scandinavischelampen.nl\/de\/lieferzeit\/\" \/>\n<meta property=\"og:site_name\" content=\"Skandinavische Lampen\" \/>\n<meta property=\"article:publisher\" content=\"https:\/\/www.facebook.com\/scandinavischelampen\/\" \/>\n<meta property=\"article:modified_time\" content=\"2026-02-04T20:02:40+00:00\" \/>\n<meta property=\"og:image\" content=\"http:\/\/scandinavischelampen.nl\/wp-content\/uploads\/2023\/01\/bruine-lamp.jpeg\" \/>\n<meta name=\"twitter:card\" content=\"summary_large_image\" \/>\n<meta name=\"twitter:label1\" content=\"Gesch\u00e4tzte Lesezeit\" \/>\n\t<meta name=\"twitter:data1\" content=\"3\u00a0Minuten\" \/>\n<script type=\"application\/ld+json\" class=\"yoast-schema-graph\">{\"@context\":\"https:\\\/\\\/schema.org\",\"@graph\":[{\"@type\":\"WebPage\",\"@id\":\"https:\\\/\\\/scandinavischelampen.nl\\\/de\\\/lieferzeit\\\/\",\"url\":\"https:\\\/\\\/scandinavischelampen.nl\\\/de\\\/lieferzeit\\\/\",\"name\":\"Lieferzeit &amp; Lieferung - Skandinavische Lampen\",\"isPartOf\":{\"@id\":\"https:\\\/\\\/scandinavischelampen.nl\\\/de\\\/#website\"},\"primaryImageOfPage\":{\"@id\":\"https:\\\/\\\/scandinavischelampen.nl\\\/de\\\/lieferzeit\\\/#primaryimage\"},\"image\":{\"@id\":\"https:\\\/\\\/scandinavischelampen.nl\\\/de\\\/lieferzeit\\\/#primaryimage\"},\"thumbnailUrl\":\"http:\\\/\\\/scandinavischelampen.nl\\\/wp-content\\\/uploads\\\/2023\\\/01\\\/bruine-lamp.jpeg\",\"datePublished\":\"2023-04-20T17:49:09+00:00\",\"dateModified\":\"2026-02-04T20:02:40+00:00\",\"description\":\"Eine kurze Lieferzeit gew\u00e4hrleistet eine schnelle Lieferung. Nach Ihrer Bestellung machen wir uns umgehend an die Arbeit f\u00fcr Sie.\",\"breadcrumb\":{\"@id\":\"https:\\\/\\\/scandinavischelampen.nl\\\/de\\\/lieferzeit\\\/#breadcrumb\"},\"inLanguage\":\"de\",\"potentialAction\":[{\"@type\":\"ReadAction\",\"target\":[\"https:\\\/\\\/scandinavischelampen.nl\\\/de\\\/lieferzeit\\\/\"]}]},{\"@type\":\"ImageObject\",\"inLanguage\":\"de\",\"@id\":\"https:\\\/\\\/scandinavischelampen.nl\\\/de\\\/lieferzeit\\\/#primaryimage\",\"url\":\"http:\\\/\\\/scandinavischelampen.nl\\\/wp-content\\\/uploads\\\/2023\\\/01\\\/bruine-lamp.jpeg\",\"contentUrl\":\"http:\\\/\\\/scandinavischelampen.nl\\\/wp-content\\\/uploads\\\/2023\\\/01\\\/bruine-lamp.jpeg\"},{\"@type\":\"BreadcrumbList\",\"@id\":\"https:\\\/\\\/scandinavischelampen.nl\\\/de\\\/lieferzeit\\\/#breadcrumb\",\"itemListElement\":[{\"@type\":\"ListItem\",\"position\":1,\"name\":\"Home\",\"item\":\"https:\\\/\\\/scandinavischelampen.nl\\\/de\\\/\"},{\"@type\":\"ListItem\",\"position\":2,\"name\":\"Lieferzeit &amp; Lieferung\"}]},{\"@type\":\"WebSite\",\"@id\":\"https:\\\/\\\/scandinavischelampen.nl\\\/de\\\/#website\",\"url\":\"https:\\\/\\\/scandinavischelampen.nl\\\/de\\\/\",\"name\":\"Scandinavische Lampen\",\"description\":\"Vintage-Designbeleuchtung\",\"publisher\":{\"@id\":\"https:\\\/\\\/scandinavischelampen.nl\\\/de\\\/#organization\"},\"potentialAction\":[{\"@type\":\"SearchAction\",\"target\":{\"@type\":\"EntryPoint\",\"urlTemplate\":\"https:\\\/\\\/scandinavischelampen.nl\\\/de\\\/?s={search_term_string}\"},\"query-input\":{\"@type\":\"PropertyValueSpecification\",\"valueRequired\":true,\"valueName\":\"search_term_string\"}}],\"inLanguage\":\"de\"},{\"@type\":\"Organization\",\"@id\":\"https:\\\/\\\/scandinavischelampen.nl\\\/de\\\/#organization\",\"name\":\"Scandinavische Lampen\",\"url\":\"https:\\\/\\\/scandinavischelampen.nl\\\/de\\\/\",\"logo\":{\"@type\":\"ImageObject\",\"inLanguage\":\"de\",\"@id\":\"https:\\\/\\\/scandinavischelampen.nl\\\/de\\\/#\\\/schema\\\/logo\\\/image\\\/\",\"url\":\"https:\\\/\\\/i0.wp.com\\\/scandinavischelampen.nl\\\/wp-content\\\/uploads\\\/2023\\\/07\\\/cropped-Scandinavische-lampen-logo-oranje-01-scaled.png?fit=4717%2C1570&ssl=1\",\"contentUrl\":\"https:\\\/\\\/i0.wp.com\\\/scandinavischelampen.nl\\\/wp-content\\\/uploads\\\/2023\\\/07\\\/cropped-Scandinavische-lampen-logo-oranje-01-scaled.png?fit=4717%2C1570&ssl=1\",\"width\":4717,\"height\":1570,\"caption\":\"Scandinavische Lampen\"},\"image\":{\"@id\":\"https:\\\/\\\/scandinavischelampen.nl\\\/de\\\/#\\\/schema\\\/logo\\\/image\\\/\"},\"sameAs\":[\"https:\\\/\\\/www.facebook.com\\\/scandinavischelampen\\\/\",\"https:\\\/\\\/www.instagram.com\\\/scandinavische_lampen\\\/\"]}]}<\/script>\n<!-- \/ Yoast SEO plugin. -->","yoast_head_json":{"title":"Lieferzeit &amp; Lieferung - Skandinavische Lampen","description":"Eine kurze Lieferzeit gew\u00e4hrleistet eine schnelle Lieferung. Nach Ihrer Bestellung machen wir uns umgehend an die Arbeit f\u00fcr Sie.","robots":{"index":"index","follow":"follow","max-snippet":"max-snippet:-1","max-image-preview":"max-image-preview:large","max-video-preview":"max-video-preview:-1"},"canonical":"https:\/\/scandinavischelampen.nl\/de\/lieferzeit\/","og_locale":"de_DE","og_type":"article","og_title":"Lieferzeit &amp; Lieferung - Skandinavische Lampen","og_description":"Eine kurze Lieferzeit gew\u00e4hrleistet eine schnelle Lieferung. Nach Ihrer Bestellung machen wir uns umgehend an die Arbeit f\u00fcr Sie.","og_url":"https:\/\/scandinavischelampen.nl\/de\/lieferzeit\/","og_site_name":"Skandinavische Lampen","article_publisher":"https:\/\/www.facebook.com\/scandinavischelampen\/","article_modified_time":"2026-02-04T20:02:40+00:00","og_image":[{"url":"http:\/\/scandinavischelampen.nl\/wp-content\/uploads\/2023\/01\/bruine-lamp.jpeg","type":"","width":"","height":""}],"twitter_card":"summary_large_image","twitter_misc":{"Gesch\u00e4tzte Lesezeit":"3\u00a0Minuten"},"schema":{"@context":"https:\/\/schema.org","@graph":[{"@type":"WebPage","@id":"https:\/\/scandinavischelampen.nl\/de\/lieferzeit\/","url":"https:\/\/scandinavischelampen.nl\/de\/lieferzeit\/","name":"Lieferzeit &amp; Lieferung - Skandinavische Lampen","isPartOf":{"@id":"https:\/\/scandinavischelampen.nl\/de\/#website"},"primaryImageOfPage":{"@id":"https:\/\/scandinavischelampen.nl\/de\/lieferzeit\/#primaryimage"},"image":{"@id":"https:\/\/scandinavischelampen.nl\/de\/lieferzeit\/#primaryimage"},"thumbnailUrl":"http:\/\/scandinavischelampen.nl\/wp-content\/uploads\/2023\/01\/bruine-lamp.jpeg","datePublished":"2023-04-20T17:49:09+00:00","dateModified":"2026-02-04T20:02:40+00:00","description":"Eine kurze Lieferzeit gew\u00e4hrleistet eine schnelle Lieferung. Nach Ihrer Bestellung machen wir uns umgehend an die Arbeit f\u00fcr Sie.","breadcrumb":{"@id":"https:\/\/scandinavischelampen.nl\/de\/lieferzeit\/#breadcrumb"},"inLanguage":"de","potentialAction":[{"@type":"ReadAction","target":["https:\/\/scandinavischelampen.nl\/de\/lieferzeit\/"]}]},{"@type":"ImageObject","inLanguage":"de","@id":"https:\/\/scandinavischelampen.nl\/de\/lieferzeit\/#primaryimage","url":"http:\/\/scandinavischelampen.nl\/wp-content\/uploads\/2023\/01\/bruine-lamp.jpeg","contentUrl":"http:\/\/scandinavischelampen.nl\/wp-content\/uploads\/2023\/01\/bruine-lamp.jpeg"},{"@type":"BreadcrumbList","@id":"https:\/\/scandinavischelampen.nl\/de\/lieferzeit\/#breadcrumb","itemListElement":[{"@type":"ListItem","position":1,"name":"Home","item":"https:\/\/scandinavischelampen.nl\/de\/"},{"@type":"ListItem","position":2,"name":"Lieferzeit &amp; Lieferung"}]},{"@type":"WebSite","@id":"https:\/\/scandinavischelampen.nl\/de\/#website","url":"https:\/\/scandinavischelampen.nl\/de\/","name":"Scandinavische Lampen","description":"Vintage-Designbeleuchtung","publisher":{"@id":"https:\/\/scandinavischelampen.nl\/de\/#organization"},"potentialAction":[{"@type":"SearchAction","target":{"@type":"EntryPoint","urlTemplate":"https:\/\/scandinavischelampen.nl\/de\/?s={search_term_string}"},"query-input":{"@type":"PropertyValueSpecification","valueRequired":true,"valueName":"search_term_string"}}],"inLanguage":"de"},{"@type":"Organization","@id":"https:\/\/scandinavischelampen.nl\/de\/#organization","name":"Scandinavische Lampen","url":"https:\/\/scandinavischelampen.nl\/de\/","logo":{"@type":"ImageObject","inLanguage":"de","@id":"https:\/\/scandinavischelampen.nl\/de\/#\/schema\/logo\/image\/","url":"https:\/\/i0.wp.com\/scandinavischelampen.nl\/wp-content\/uploads\/2023\/07\/cropped-Scandinavische-lampen-logo-oranje-01-scaled.png?fit=4717%2C1570&ssl=1","contentUrl":"https:\/\/i0.wp.com\/scandinavischelampen.nl\/wp-content\/uploads\/2023\/07\/cropped-Scandinavische-lampen-logo-oranje-01-scaled.png?fit=4717%2C1570&ssl=1","width":4717,"height":1570,"caption":"Scandinavische Lampen"},"image":{"@id":"https:\/\/scandinavischelampen.nl\/de\/#\/schema\/logo\/image\/"},"sameAs":["https:\/\/www.facebook.com\/scandinavischelampen\/","https:\/\/www.instagram.com\/scandinavische_lampen\/"]}]}},"uagb_featured_image_src":{"full":false,"thumbnail":false,"medium":false,"medium_large":false,"large":false,"1536x1536":false,"2048x2048":false,"woocommerce_thumbnail":false,"woocommerce_single":false,"woocommerce_gallery_thumbnail":false,"thaps-thumb-img":false},"uagb_author_info":{"display_name":"administrator","author_link":"https:\/\/scandinavischelampen.nl\/de\/author\/administrator\/"},"uagb_comment_info":0,"uagb_excerpt":"Lieferzeit &amp; Lieferung Willkommen auf unserer Seite \u201eLieferzeit und Lieferung\u201c. Hier beantworten wir die am h\u00e4ufigsten gestellten Fragen zum Zeitpunkt des Versands Ihrer Bestellung, zur Abholung, zu den Versandkosten, zum Bestellstatus, zum Lieferplan und mehr. Wann wird meine Bestellung versendet? Nach Ihrer Bestellung beginnen wir umgehend mit der Arbeit f\u00fcr Sie. Im Allgemeinen werden Bestellungen&hellip;","jetpack_sharing_enabled":true,"_links":{"self":[{"href":"https:\/\/scandinavischelampen.nl\/de\/wp-json\/wp\/v2\/pages\/22556","targetHints":{"allow":["GET"]}}],"collection":[{"href":"https:\/\/scandinavischelampen.nl\/de\/wp-json\/wp\/v2\/pages"}],"about":[{"href":"https:\/\/scandinavischelampen.nl\/de\/wp-json\/wp\/v2\/types\/page"}],"author":[{"embeddable":true,"href":"https:\/\/scandinavischelampen.nl\/de\/wp-json\/wp\/v2\/users\/1"}],"replies":[{"embeddable":true,"href":"https:\/\/scandinavischelampen.nl\/de\/wp-json\/wp\/v2\/comments?post=22556"}],"version-history":[{"count":13,"href":"https:\/\/scandinavischelampen.nl\/de\/wp-json\/wp\/v2\/pages\/22556\/revisions"}],"predecessor-version":[{"id":45030,"href":"https:\/\/scandinavischelampen.nl\/de\/wp-json\/wp\/v2\/pages\/22556\/revisions\/45030"}],"wp:attachment":[{"href":"https:\/\/scandinavischelampen.nl\/de\/wp-json\/wp\/v2\/media?parent=22556"}],"curies":[{"name":"wp","href":"https:\/\/api.w.org\/{rel}","templated":true}]}}